{"id":791,"date":"2024-10-07T15:46:11","date_gmt":"2024-10-07T13:46:11","guid":{"rendered":"https:\/\/kitchenbathchina.co\/?page_id=791"},"modified":"2025-12-16T15:48:35","modified_gmt":"2025-12-16T14:48:35","slug":"for-visitors","status":"publish","type":"page","link":"https:\/\/kitchenbathchina.co\/tr\/for-visitors\/","title":{"rendered":"Ziyaret\u00e7ileri i\u00e7in"},"content":{"rendered":"<p>[vc_row][vc_column width=&#8221;3\/4&#8243;][vc_custom_heading text=&#8221;(color2)Kitchen &amp; Bath China(\/color2)mutfak, banyo, s\u0131hhi tesisat, \u0131s\u0131tma, iklimlendirme (color2)ve Asya\u2019daki(\/color2) teknoloji i\u00e7in en b\u00fcy\u00fck ve en \u00f6nemli uluslararas\u0131 ticaret fuar\u0131d\u0131r.&#8221; text_additional=&#8221;KBC 2024 Kitchen &amp; Bath China, \u00e7inli firmalar\u0131 ve \u00fcr\u00fcnlerini tan\u0131mak i\u00e7in, Avrupa ve Arap \u00fclkeler\u2019deki ureticiler ve ihracat\u00e7\u0131lar ile i\u015f ba\u011flant\u0131lar\u0131 kurmak i\u00e7in m\u00fckemmel bir f\u0131rsatt\u0131r. Dinamik \u00c7in pazar\u0131, t\u00fcm \u00f6l\u00e7ekli \u015firketler\u2019in i\u015f geli\u015ftirmelerine b\u00fcy\u00fck f\u0131rsatlar sunar.&#8221;][vc_custom_heading text=&#8221;(color2)Bir ziyaret\u00e7i(\/color2) olarak, 5,662\u2019den fazla k\u00fcresel ve yerel \u00fcretici, distrib\u00fct\u00f6r, ticaret \u015firketi ve m\u00fchendislik hizmetleri sa\u011flacisi taraf\u0131ndan sunulan yeni markalar\u0131n \u00fcr\u00fcnlerini bulacaks\u0131n\u0131z.&#8221; text_additional=&#8221;Bu t\u00fcr ziyaret\u00e7iler Mutfak, Banyo, Kurulum ve \u0131sitma \u00fcr\u00fcnlerini sergileyen benzersiz platform\u2019a kat\u0131lacaklar: &#8220;][vc_row_inner][vc_column_inner width=&#8221;1\/3&#8243;][om_list icon_fontawesome=&#8221;fa fa-check&#8221; icon_color=&#8221;om-accent-color-2&#8243;]\u0130n\u015faat \u015eirketleri<br \/>\n\u0130\u00e7 Mimarlar<br \/>\nTasar\u0131m Dan\u0131\u015fmanlar\u0131<br \/>\nTasar\u0131m M\u00fchendisleri<br \/>\nEmlak\u00e7\u0131lar[\/om_list][\/vc_column_inner][vc_column_inner width=&#8221;1\/3&#8243;][om_list icon_fontawesome=&#8221;fa fa-check&#8221; icon_color=&#8221;om-accent-color-2&#8243;]Mimarlar<br \/>\nDistrib\u00fct\u00f6rler<br \/>\nMontajc\u0131lar<br \/>\nPlanlamac\u0131lar<br \/>\n\u00dcreticiler[\/om_list][\/vc_column_inner][vc_column_inner width=&#8221;1\/3&#8243;][om_list icon_fontawesome=&#8221;fa fa-check&#8221; icon_color=&#8221;om-accent-color-2&#8243;]Tedarik\u00e7iler<br \/>\nPerakendeciler<br \/>\nOteller \/ Hastaneler \/ Al\u0131\u015fveris merkezleri[\/om_list][\/vc_column_inner][\/vc_row_inner][\/vc_column][vc_column width=&#8221;1\/4&#8243; css=&#8221;.vc_custom_1481110352028{background-color: rgba(222,228,232,0.43) !important;*background-color: rgb(222,228,232) !important;}&#8221;][vc_custom_heading text=&#8221;LINKER&#8221; font_container=&#8221;tag:h2|text_align:center&#8221;][vc_separator color=&#8221;white&#8221;][om_click_icon_box icon_fontawesome=&#8221;fa fa-info&#8221; size=&#8221;s&#8221; color=&#8221;om-accent-color-3&#8243; link=&#8221;url:https%3A%2F%2Fkitchenbathchina.co%2Fabout-the-trade-show%2F|title:About%20the%20show|target:%20_blank|&#8221; title=&#8221;Fuar Hakk\u0131nda &#8220;][\/om_click_icon_box][om_click_icon_box icon_fontawesome=&#8221;fa fa-line-chart&#8221; size=&#8221;s&#8221; color=&#8221;om-accent-color-3&#8243; link=&#8221;url:https%3A%2F%2Fkitchenbathchina.co%2Fabout-the-trade-show%2F%23statistic|title:Exhibition%20Statistics|target:%20_blank|&#8221; title=&#8221;Sergi \u0130statikleri&#8221;][\/om_click_icon_box][om_click_icon_box icon_fontawesome=&#8221;fa fa-map&#8221; size=&#8221;s&#8221; color=&#8221;om-accent-color-3&#8243; link=&#8221;url:https%3A%2F%2Fkitchenbathchina.co%2Ffor-exhibitors%2F%23Plan||target:%20_blank|&#8221; title=&#8221;Sergi Plan\u0131&#8221;][\/om_click_icon_box][om_click_icon_box icon_fontawesome=&#8221;fa fa-list&#8221; size=&#8221;s&#8221; color=&#8221;om-accent-color-3&#8243; link=&#8221;url:https%3A%2F%2Fkitchenbathchina.co%2F2019%2F03%2F28%2Flist-of-exhibitors|title:Exhibitor%20List|target:%20_blank|&#8221; title=&#8221;Kat\u0131l\u0131mc\u0131 Listesi&#8221;][\/om_click_icon_box][om_click_icon_box icon_fontawesome=&#8221;fa fa-ticket&#8221; size=&#8221;s&#8221; color=&#8221;om-accent-color-3&#8243; link=&#8221;url:https%3A%2F%2Fkitchenbathchina.co%2Fregistration%2F||target:%20_blank|&#8221; title=&#8221;Ucretsiz E-Bilet&#8221;][\/om_click_icon_box][\/vc_column][\/vc_row]<\/p>\n<p>[vc_row][vc_column][vc_empty_space][\/vc_column][\/vc_row][vc_row bg_type=&#8221;gradient&#8221; gradient_type=&#8221;diagonal1&#8243; bg_color=&#8221;#ffffff&#8221; bg_color2=&#8221;#188fbb&#8221;][vc_column css=&#8221;.vc_custom_1511950134703{margin-top: -30px !important;}&#8221;][vc_row_inner][vc_column_inner width=&#8221;1\/2&#8243;][vc_empty_space][vc_custom_heading text=&#8221;Z\u0130YARET\u00c7\u0130N\u0130N (color1)KAYIT(\/color1) FORMU&#8221; uppercase=&#8221;yes&#8221; text_additional=&#8221;KBC 2024\u2019ye g\u00f6sterdiginiz ilgiden dolay\u0131 te\u015fekk\u00fcr ederiz!&#8221; font_container=&#8221;tag:h2|text_align:left|color:%23000000&#8243; el_class=&#8221;thankyou&#8221;][\/vc_column_inner][vc_column_inner width=&#8221;1\/2&#8243;][vc_empty_space height=&#8221;3em&#8221;][vc_column_text]<\/p>\n<h4><span style=\"color: #6b6b6b;\">KBC 2024\u2019yi \u00fccretsiz ziyaret etmek i\u00e7in, fuar \u00f6ncesinde internetten kay\u0131t olaml\u0131s\u0131n\u0131z. Lutfen detaylar\u0131 a\u015fa\u011f\u0131da doldurun.<\/span><\/h4>\n<p>[\/vc_column_text][\/vc_column_inner][\/vc_row_inner][\/vc_column][\/vc_row]<\/p>\n<p>[vc_row][vc_column][vc_empty_space height=&#8221;16px&#8221;]<div role=\"form\" class=\"wpcf7\" id=\"wpcf7-f1148-o9\" lang=\"pl-PL\" dir=\"ltr\">\n<div class=\"screen-reader-response\"><p role=\"status\" aria-live=\"polite\" aria-atomic=\"true\"><\/p> <ul><\/ul><\/div>\n<form action=\"\/tr\/wp-json\/wp\/v2\/pages\/791#wpcf7-f1148-o9\" method=\"post\" class=\"wpcf7-form init\" novalidate=\"novalidate\" data-status=\"init\">\n<div style=\"display: none;\">\n<input type=\"hidden\" name=\"_wpcf7\" value=\"1148\" \/>\n<input type=\"hidden\" name=\"_wpcf7_version\" value=\"5.6.3\" \/>\n<input type=\"hidden\" name=\"_wpcf7_locale\" value=\"pl_PL\" \/>\n<input type=\"hidden\" name=\"_wpcf7_unit_tag\" value=\"wpcf7-f1148-o9\" \/>\n<input type=\"hidden\" name=\"_wpcf7_container_post\" value=\"0\" \/>\n<input type=\"hidden\" name=\"_wpcf7_posted_data_hash\" value=\"\" \/>\n<input type=\"hidden\" name=\"_wpcf7_recaptcha_response\" value=\"\" \/>\n<\/div>\n<div class=\"om-columns\">\n<div class=\"om-column om-one-half\">\n<div class=\"om-columns\">\n<div class=\"om-column om-one-third\">\n<p>Title*&nbsp;&nbsp;&nbsp;<span class=\"wpcf7-form-control-wrap\" data-name=\"mc4wp-TITLE\"><select name=\"mc4wp-TITLE\" class=\"wpcf7-form-control wpcf7-select wpcf7-validates-as-required\" aria-required=\"true\" aria-invalid=\"false\"><option value=\"\"><\/option><option value=\"Mr\">Mr<\/option><option value=\"Mrs\">Mrs<\/option><option value=\"Ms\">Ms<\/option><\/select><\/span><\/p>\n<\/div>\n<div class=\"om-column om-one-third\">\n<p><span class=\"wpcf7-form-control-wrap\" data-name=\"your-name\"><input type=\"text\" name=\"your-name\" value=\"\" size=\"40\" class=\"wpcf7-form-control wpcf7-text wpcf7-validates-as-required\" aria-required=\"true\" aria-invalid=\"false\" placeholder=\"First Name *\" \/><\/span><\/p>\n<\/div>\n<div class=\"om-column om-one-third\">\n<p><span class=\"wpcf7-form-control-wrap\" data-name=\"your-name2\"><input type=\"text\" name=\"your-name2\" value=\"\" size=\"40\" class=\"wpcf7-form-control wpcf7-text wpcf7-validates-as-required\" aria-required=\"true\" aria-invalid=\"false\" placeholder=\"Last Name *\" \/><\/span><\/p>\n<\/div>\n<\/div>\n<p><span class=\"wpcf7-form-control-wrap\" data-name=\"mc4wp-JOBTITLE\"><input type=\"text\" name=\"mc4wp-JOBTITLE\" value=\"\" size=\"40\" class=\"wpcf7-form-control wpcf7-text wpcf7-validates-as-required\" aria-required=\"true\" aria-invalid=\"false\" placeholder=\"Job Title *\" \/><\/span><\/p>\n<div class=\"om-columns\">\n<div class=\"om-column om-one-half\">\n<p><span class=\"wpcf7-form-control-wrap\" data-name=\"mc4wp-COMPANY\"><input type=\"text\" name=\"mc4wp-COMPANY\" value=\"\" size=\"40\" class=\"wpcf7-form-control wpcf7-text wpcf7-validates-as-required\" aria-required=\"true\" aria-invalid=\"false\" placeholder=\"Company Name *\" \/><\/span><\/p>\n<\/div>\n<div class=\"om-column om-one-half\">\n<p><span class=\"wpcf7-form-control-wrap\" data-name=\"mc4wp-WWW\"><input type=\"text\" name=\"mc4wp-WWW\" value=\"\" size=\"40\" class=\"wpcf7-form-control wpcf7-text\" aria-invalid=\"false\" placeholder=\"Website\" \/><\/span><\/p>\n<\/div>\n<\/div>\n<p class=\"note\">Information above will appear on entry badge<\/p>\n<div class=\"om-columns\">\n<div class=\"om-column om-one-half\">\n<p><span class=\"wpcf7-form-control-wrap\" data-name=\"mc4wp-EMAIL\"><input type=\"email\" name=\"mc4wp-EMAIL\" value=\"\" size=\"40\" class=\"wpcf7-form-control wpcf7-text wpcf7-email wpcf7-validates-as-required wpcf7-validates-as-email\" aria-required=\"true\" aria-invalid=\"false\" placeholder=\"Email Address *\" \/><\/span><\/p>\n<\/div>\n<div class=\"om-column om-one-half\">\n<p><span class=\"wpcf7-form-control-wrap\" data-name=\"mc4wp-PHONE\"><input type=\"text\" name=\"mc4wp-PHONE\" value=\"\" size=\"40\" class=\"wpcf7-form-control wpcf7-text wpcf7-validates-as-required\" aria-required=\"true\" aria-invalid=\"false\" placeholder=\"Phone Number *\" \/><\/span><\/p>\n<\/div>\n<\/div>\n<p><strong>Please indicate the main field of business of your company<\/strong><\/p>\n<p><span class=\"wpcf7-form-control-wrap\" data-name=\"mc4wp-BUSINESS\"><span class=\"wpcf7-form-control wpcf7-radio\"><span class=\"wpcf7-list-item first\"><input type=\"radio\" name=\"mc4wp-BUSINESS\" value=\"Wholesale\" \/><span class=\"wpcf7-list-item-label\">Wholesale<\/span><\/span><span class=\"wpcf7-list-item\"><input type=\"radio\" name=\"mc4wp-BUSINESS\" value=\"Retail\" \/><span class=\"wpcf7-list-item-label\">Retail<\/span><\/span><span class=\"wpcf7-list-item\"><input type=\"radio\" name=\"mc4wp-BUSINESS\" value=\"Kitchen, bathroom design\" \/><span class=\"wpcf7-list-item-label\">Kitchen, bathroom design<\/span><\/span><span class=\"wpcf7-list-item\"><input type=\"radio\" name=\"mc4wp-BUSINESS\" value=\"Engineering systems design and installation\" \/><span class=\"wpcf7-list-item-label\">Engineering systems design and installation<\/span><\/span><span class=\"wpcf7-list-item\"><input type=\"radio\" name=\"mc4wp-BUSINESS\" value=\"Building and construction\" \/><span class=\"wpcf7-list-item-label\">Building and construction<\/span><\/span><span class=\"wpcf7-list-item\"><input type=\"radio\" name=\"mc4wp-BUSINESS\" value=\"Engineering systems design\" \/><span class=\"wpcf7-list-item-label\">Engineering systems design<\/span><\/span><span class=\"wpcf7-list-item\"><input type=\"radio\" name=\"mc4wp-BUSINESS\" value=\"Production of equipment\" \/><span class=\"wpcf7-list-item-label\">Production of equipment<\/span><\/span><span class=\"wpcf7-list-item\"><input type=\"radio\" name=\"mc4wp-BUSINESS\" value=\"Media\" \/><span class=\"wpcf7-list-item-label\">Media<\/span><\/span><span class=\"wpcf7-list-item last\"><input type=\"radio\" name=\"mc4wp-BUSINESS\" value=\"Other\" \/><span class=\"wpcf7-list-item-label\">Other<\/span><\/span><\/span><\/span><\/p>\n<p><strong>Did you visit the previous KBC exhibition?<\/strong><\/p>\n<p><span class=\"wpcf7-form-control-wrap\" data-name=\"mc4wp-VISIT\"><span class=\"wpcf7-form-control wpcf7-radio\"><span class=\"wpcf7-list-item first\"><input type=\"radio\" name=\"mc4wp-VISIT\" value=\"Yes\" \/><span class=\"wpcf7-list-item-label\">Yes<\/span><\/span><span class=\"wpcf7-list-item last\"><input type=\"radio\" name=\"mc4wp-VISIT\" value=\"No\" \/><span class=\"wpcf7-list-item-label\">No<\/span><\/span><\/span><\/span><\/p>\n<p><strong>How do you know about KBC Expo? [Multiple Choice]<\/strong><\/p>\n<p><span class=\"wpcf7-form-control-wrap\" data-name=\"mc4wp-KNOW\"><span class=\"wpcf7-form-control wpcf7-checkbox wpcf7-validates-as-required\"><span class=\"wpcf7-list-item first\"><input type=\"checkbox\" name=\"mc4wp-KNOW[]\" value=\"Facebook\" \/><span class=\"wpcf7-list-item-label\">Facebook<\/span><\/span><span class=\"wpcf7-list-item\"><input type=\"checkbox\" name=\"mc4wp-KNOW[]\" value=\"LinkedIn\" \/><span class=\"wpcf7-list-item-label\">LinkedIn<\/span><\/span><span class=\"wpcf7-list-item\"><input type=\"checkbox\" name=\"mc4wp-KNOW[]\" value=\"Twitter\" \/><span class=\"wpcf7-list-item-label\">Twitter<\/span><\/span><span class=\"wpcf7-list-item\"><input type=\"checkbox\" name=\"mc4wp-KNOW[]\" value=\"Instagram\" \/><span class=\"wpcf7-list-item-label\">Instagram<\/span><\/span><span class=\"wpcf7-list-item\"><input type=\"checkbox\" name=\"mc4wp-KNOW[]\" value=\"YouTube\" \/><span class=\"wpcf7-list-item-label\">YouTube<\/span><\/span><span class=\"wpcf7-list-item\"><input type=\"checkbox\" name=\"mc4wp-KNOW[]\" value=\"10 Times\" \/><span class=\"wpcf7-list-item-label\">10 Times<\/span><\/span><span class=\"wpcf7-list-item\"><input type=\"checkbox\" name=\"mc4wp-KNOW[]\" value=\"Eventbrite\" \/><span class=\"wpcf7-list-item-label\">Eventbrite<\/span><\/span><span class=\"wpcf7-list-item\"><input type=\"checkbox\" name=\"mc4wp-KNOW[]\" value=\"Google\" \/><span class=\"wpcf7-list-item-label\">Google<\/span><\/span><span class=\"wpcf7-list-item\"><input type=\"checkbox\" name=\"mc4wp-KNOW[]\" value=\"Email\" \/><span class=\"wpcf7-list-item-label\">Email<\/span><\/span><span class=\"wpcf7-list-item\"><input type=\"checkbox\" name=\"mc4wp-KNOW[]\" value=\"Other exhibitions\" \/><span class=\"wpcf7-list-item-label\">Other exhibitions<\/span><\/span><span class=\"wpcf7-list-item\"><input type=\"checkbox\" name=\"mc4wp-KNOW[]\" value=\"Friend\/colleague\" \/><span class=\"wpcf7-list-item-label\">Friend\/colleague<\/span><\/span><span class=\"wpcf7-list-item last\"><input type=\"checkbox\" name=\"mc4wp-KNOW[]\" value=\"Others\" \/><span class=\"wpcf7-list-item-label\">Others<\/span><\/span><\/span><\/span>\n  <\/p><\/div>\n<div class=\"om-column om-one-half\">\n<p><span class=\"wpcf7-form-control-wrap\" data-name=\"mc4wp-ADDRESS\"><input type=\"text\" name=\"mc4wp-ADDRESS\" value=\"\" size=\"40\" class=\"wpcf7-form-control wpcf7-text wpcf7-validates-as-required\" aria-required=\"true\" aria-invalid=\"false\" placeholder=\"Address *\" \/><\/span><\/p>\n<div class=\"om-columns\">\n<div class=\"om-column om-one-half\">\n<p><span class=\"wpcf7-form-control-wrap\" data-name=\"mc4wp-CITY\"><input type=\"text\" name=\"mc4wp-CITY\" value=\"\" size=\"40\" class=\"wpcf7-form-control wpcf7-text wpcf7-validates-as-required\" aria-required=\"true\" aria-invalid=\"false\" placeholder=\"City *\" \/><\/span><\/p>\n<\/div>\n<div class=\"om-column om-one-half\">\n<p><span class=\"wpcf7-form-control-wrap\" data-name=\"mc4wp-POSTAL\"><input type=\"text\" name=\"mc4wp-POSTAL\" value=\"\" size=\"40\" class=\"wpcf7-form-control wpcf7-text\" aria-invalid=\"false\" placeholder=\"Postal Code\" \/><\/span><\/p>\n<\/div>\n<\/div>\n<p><span class=\"wpcf7-form-control-wrap\" data-name=\"mc4wp-COUNTRY\"><input type=\"text\" name=\"mc4wp-COUNTRY\" value=\"\" size=\"40\" class=\"wpcf7-form-control wpcf7-text wpcf7-validates-as-required\" aria-required=\"true\" aria-invalid=\"false\" placeholder=\"Country *\" \/><\/span><\/p>\n<p><span class=\"wpcf7-form-control-wrap\" data-name=\"mc4wp-COMMMENTS\"><textarea name=\"mc4wp-COMMMENTS\" cols=\"40\" rows=\"3\" class=\"wpcf7-form-control wpcf7-textarea\" aria-invalid=\"false\" placeholder=\"Comments\"><\/textarea><\/span><\/p>\n<p><strong>What are you interested in at the exhibition?<\/strong><\/p>\n<p><span class=\"wpcf7-form-control-wrap\" data-name=\"mc4wp-INTERESTED\"><span class=\"wpcf7-form-control wpcf7-checkbox wpcf7-validates-as-required\"><span class=\"wpcf7-list-item first\"><input type=\"checkbox\" name=\"mc4wp-INTERESTED[]\" value=\"Furniture and Furnishing Systems for Kitchen &amp; Bath\" \/><span class=\"wpcf7-list-item-label\">Furniture and Furnishing Systems for Kitchen &amp; Bath<\/span><\/span><span class=\"wpcf7-list-item\"><input type=\"checkbox\" name=\"mc4wp-INTERESTED[]\" value=\"Kitchen Facilities\" \/><span class=\"wpcf7-list-item-label\">Kitchen Facilities<\/span><\/span><span class=\"wpcf7-list-item\"><input type=\"checkbox\" name=\"mc4wp-INTERESTED[]\" value=\"Household Appliance\" \/><span class=\"wpcf7-list-item-label\">Household Appliance<\/span><\/span><span class=\"wpcf7-list-item\"><input type=\"checkbox\" name=\"mc4wp-INTERESTED[]\" value=\"Laundry Appliance\" \/><span class=\"wpcf7-list-item-label\">Laundry Appliance<\/span><\/span><span class=\"wpcf7-list-item\"><input type=\"checkbox\" name=\"mc4wp-INTERESTED[]\" value=\"Pools \/ Saunas \/ Spas\" \/><span class=\"wpcf7-list-item-label\">Pools \/ Saunas \/ Spas<\/span><\/span><span class=\"wpcf7-list-item\"><input type=\"checkbox\" name=\"mc4wp-INTERESTED[]\" value=\"Engineering and Plumbing Systems\" \/><span class=\"wpcf7-list-item-label\">Engineering and Plumbing Systems<\/span><\/span><span class=\"wpcf7-list-item\"><input type=\"checkbox\" name=\"mc4wp-INTERESTED[]\" value=\"Water Supply Equipment and Materials\" \/><span class=\"wpcf7-list-item-label\">Water Supply Equipment and Materials<\/span><\/span><span class=\"wpcf7-list-item\"><input type=\"checkbox\" name=\"mc4wp-INTERESTED[]\" value=\"Heating Equipment and Materials\" \/><span class=\"wpcf7-list-item-label\">Heating Equipment and Materials<\/span><\/span><span class=\"wpcf7-list-item\"><input type=\"checkbox\" name=\"mc4wp-INTERESTED[]\" value=\"Ventilation, Air-Conditioning Systems\" \/><span class=\"wpcf7-list-item-label\">Ventilation, Air-Conditioning Systems<\/span><\/span><span class=\"wpcf7-list-item\"><input type=\"checkbox\" name=\"mc4wp-INTERESTED[]\" value=\"Pipes. Fittings. Valves\" \/><span class=\"wpcf7-list-item-label\">Pipes. Fittings. Valves<\/span><\/span><span class=\"wpcf7-list-item\"><input type=\"checkbox\" name=\"mc4wp-INTERESTED[]\" value=\"Test and Measuring Equipment and Automation Systems\" \/><span class=\"wpcf7-list-item-label\">Test and Measuring Equipment and Automation Systems<\/span><\/span><span class=\"wpcf7-list-item\"><input type=\"checkbox\" name=\"mc4wp-INTERESTED[]\" value=\"Design\" \/><span class=\"wpcf7-list-item-label\">Design<\/span><\/span><span class=\"wpcf7-list-item last\"><input type=\"checkbox\" name=\"mc4wp-INTERESTED[]\" value=\"Other\" \/><span class=\"wpcf7-list-item-label\">Other<\/span><\/span><\/span><\/span><\/p>\n<div class=\"om-columns\">\n<div class=\"om-column om-one-half\">\n<p><span class=\"wpcf7-form-control-wrap\" data-name=\"mc4wp-LINKEDIN\"><input type=\"text\" name=\"mc4wp-LINKEDIN\" value=\"\" size=\"40\" class=\"wpcf7-form-control wpcf7-text\" aria-invalid=\"false\" placeholder=\"LinkedIn Profile\" \/><\/span><\/p>\n<\/div>\n<div class=\"om-column om-one-half\">\n<p><span class=\"wpcf7-form-control-wrap\" data-name=\"mc4wp-TWITTER\"><input type=\"text\" name=\"mc4wp-TWITTER\" value=\"\" size=\"40\" class=\"wpcf7-form-control wpcf7-text\" aria-invalid=\"false\" placeholder=\"Twitter Handle @\" \/><\/span><\/p>\n<\/div>\n<\/div>\n<div class=\"om-columns\">\n<div class=\"om-column om-one-half\">\n<p><span class=\"wpcf7-form-control-wrap\" data-name=\"mc4wp-FACEBOOK\"><input type=\"text\" name=\"mc4wp-FACEBOOK\" value=\"\" size=\"40\" class=\"wpcf7-form-control wpcf7-text\" aria-invalid=\"false\" placeholder=\"Facebook Profile\" \/><\/span><\/p>\n<\/div>\n<div class=\"om-column om-one-half\">\n<p><span class=\"wpcf7-form-control-wrap\" data-name=\"mc4wp-INSTAGRAM\"><input type=\"text\" name=\"mc4wp-INSTAGRAM\" value=\"\" size=\"40\" class=\"wpcf7-form-control wpcf7-text\" aria-invalid=\"false\" placeholder=\"Instagram Profile\" \/><\/span><\/p>\n<\/div>\n\n<\/div>\n<\/div>\n<\/div>\n<p><input type=\"submit\" value=\"SUBMIT\" class=\"wpcf7-form-control has-spinner wpcf7-submit\" \/><\/p>\n<p><input type=\"hidden\" name=\"mc4wp-subscribe\" value=\"1\" \/><\/p>\n<div class=\"wpcf7-response-output\" aria-hidden=\"true\"><\/div><\/form><\/div>[\/vc_column][\/vc_row]<\/p>\n<p>[vc_row bg_type=&#8221;image&#8221; bg_image_pos=&#8221;100w_bottom&#8221; bg_image_dimming=&#8221;rgba(196,196,196,0.01)&#8221; bg_image=&#8221;1479&#8243;][vc_column width=&#8221;1\/3&#8243;][\/vc_column][vc_column width=&#8221;1\/3&#8243;][\/vc_column][vc_column width=&#8221;1\/3&#8243;][vc_empty_space height=&#8221;155px&#8221;][vc_btn title=&#8221;FOLLOW US&#8221; size=&#8221;lg&#8221; align=&#8221;right&#8221; i_align=&#8221;right&#8221; i_icon_fontawesome=&#8221;fa fa-angle-right&#8221; link=&#8221;url:https%3A%2F%2Fwww.facebook.com%2Fkitchenbathchina%2F|title:Follow%20us|target:%20_blank|&#8221; add_icon=&#8221;true&#8221;][vc_empty_space height=&#8221;150px&#8221;][\/vc_column][\/vc_row]<\/p>\n<p>[vc_row][vc_column][vc_column_text]<a href=\"https:\/\/calendar.google.com\/calendar\/event?action=TEMPLATE&amp;tmeid=MWlodXVnZGloN20xZ25xa2NvOHBudmk1cTRfMjAxODA2MDVUMDEwMDAwWiBra3QwcjdnbG5ncnNyYm9pazg5MHRhcTZkY0Bn&amp;tmsrc=kkt0r7glngrsrboik890taq6dc%40group.calendar.google.com\" target=\"_blank\" rel=\"noopener noreferrer\"><img class=\"lazyload\" src=\"data:image\/gif;base64,R0lGODlhAQABAAAAACH5BAEKAAEALAAAAAABAAEAAAICTAEAOw==\" data-src=\"https:\/\/www.google.com\/calendar\/images\/ext\/gc_button1_en-GB.gif\" border=\"0\" \/><\/a><\/p>\n<div class=\"addthis_inline_share_toolbox\"><\/div>\n<p style=\"text-align: right;\">30.291 views<\/p>\n<p>[\/vc_column_text][\/vc_column][\/vc_row]<\/p>","protected":false},"excerpt":{"rendered":"<p>[vc_row][vc_column width=&#8221;3\/4&#8243;][vc_custom_heading text=&#8221;(color2)Kitchen &amp; Bath China(\/color2)mutfak, banyo, s\u0131hhi tesisat, \u0131s\u0131tma, iklimlendirme (color2)ve Asya\u2019daki(\/color2) teknoloji i\u00e7in en b\u00fcy\u00fck ve en \u00f6nemli uluslararas\u0131 ticaret fuar\u0131d\u0131r.&#8221; text_additional=&#8221;KBC 2024&hellip;<\/p>\n<p><a href=\"https:\/\/kitchenbathchina.co\/tr\/for-visitors\/\" class=\"read-more-link\"><span class=\"read-more-icon\"><\/span>Read more<\/a><\/p>\n","protected":false},"author":1,"featured_media":2324,"parent":0,"menu_order":2,"comment_status":"closed","ping_status":"closed","template":"","meta":{"_exactmetrics_skip_tracking":false,"_exactmetrics_sitenote_active":false,"_exactmetrics_sitenote_note":"","_exactmetrics_sitenote_category":0},"yst_prominent_words":[311,245,239,242,446,209,240],"_links":{"self":[{"href":"https:\/\/kitchenbathchina.co\/tr\/wp-json\/wp\/v2\/pages\/791"}],"collection":[{"href":"https:\/\/kitchenbathchina.co\/tr\/wp-json\/wp\/v2\/pages"}],"about":[{"href":"https:\/\/kitchenbathchina.co\/tr\/wp-json\/wp\/v2\/types\/page"}],"author":[{"embeddable":true,"href":"https:\/\/kitchenbathchina.co\/tr\/wp-json\/wp\/v2\/users\/1"}],"replies":[{"embeddable":true,"href":"https:\/\/kitchenbathchina.co\/tr\/wp-json\/wp\/v2\/comments?post=791"}],"version-history":[{"count":145,"href":"https:\/\/kitchenbathchina.co\/tr\/wp-json\/wp\/v2\/pages\/791\/revisions"}],"predecessor-version":[{"id":25101,"href":"https:\/\/kitchenbathchina.co\/tr\/wp-json\/wp\/v2\/pages\/791\/revisions\/25101"}],"wp:featuredmedia":[{"embeddable":true,"href":"https:\/\/kitchenbathchina.co\/tr\/wp-json\/wp\/v2\/media\/2324"}],"wp:attachment":[{"href":"https:\/\/kitchenbathchina.co\/tr\/wp-json\/wp\/v2\/media?parent=791"}],"wp:term":[{"taxonomy":"yst_prominent_words","embeddable":true,"href":"https:\/\/kitchenbathchina.co\/tr\/wp-json\/wp\/v2\/yst_prominent_words?post=791"}],"curies":[{"name":"wp","href":"https:\/\/api.w.org\/{rel}","templated":true}]}}