{"id":791,"date":"2024-10-07T15:46:11","date_gmt":"2024-10-07T13:46:11","guid":{"rendered":"https:\/\/kitchenbathchina.co\/?page_id=791"},"modified":"2025-12-16T15:48:35","modified_gmt":"2025-12-16T14:48:35","slug":"for-visitors","status":"publish","type":"page","link":"https:\/\/kitchenbathchina.co\/pl\/for-visitors\/","title":{"rendered":"Dla Odwiedzaj\u0105cych"},"content":{"rendered":"<p>[vc_row][vc_column width=&#8221;3\/4&#8243;][vc_custom_heading text=&#8221;(color2)Kitchen &amp; Bath China(\/color2) s\u0105 to najwi\u0119ksze i najwa\u017cniejsze targi mi\u0119dzynarodowe kuchni, \u0142azienki, ceramiki sanitarnej, grzewczej, klimatyzacyjnej i technologii w (color2)Azji.(\/color2) &#8221; text_additional=&#8221;KBC 2024 Kitchen &amp; Bath China to doskona\u0142a okazja, aby pozna\u0107 chi\u0144skie firm i produkty, a tak\u017ce do nawi\u0105zania bezpo\u015brednich kontakt\u00f3w handlowych pomi\u0119dzy producentami i eksporterami. Dynamiczny rynek chi\u0144ski oferuje mn\u00f3stwo mo\u017cliwo\u015bci dla rozwoju biznesu &#8211; nie tylko dla du\u017cych firm, ale r\u00f3wnie\u017c dla \u015brednich i ma\u0142ych przedsi\u0119biorst.&#8221;][vc_custom_heading text=&#8221;Jako (color2)Odwiedzaj\u0105cy(\/color2) znajdziesz tu produkty dobrze znanych i nowych marek prezentowanych przez ponad (color2)5 662(\/color2) globalnych i lokalnych producent\u00f3w, dystrybutor\u00f3w, firmy handlowe i in\u017cynieryjne.&#8221; text_additional=&#8221;To unikalne miejce prezentaji produkt\u00f3w do kuchnii, \u0142azienki, rozwi\u0105za\u0144 instalacyjnych i grzewczych dla takich go\u015bci jak:&#8221;][vc_row_inner][vc_column_inner width=&#8221;1\/3&#8243;][om_list icon_fontawesome=&#8221;fa fa-check&#8221; icon_color=&#8221;om-accent-color-2&#8243;]Firmy konstruktorskie<br \/>\nProjektanci wn\u0119trz<br \/>\nBiura projektowe<br \/>\nDeweloperzy[\/om_list][\/vc_column_inner][vc_column_inner width=&#8221;1\/3&#8243;][om_list icon_fontawesome=&#8221;fa fa-check&#8221; icon_color=&#8221;om-accent-color-2&#8243;]Architekci<br \/>\nDystrybutorzy<br \/>\nInstalatorzy<br \/>\nPlani\u015bci [\/om_list][\/vc_column_inner][vc_column_inner width=&#8221;1\/3&#8243;][om_list icon_fontawesome=&#8221;fa fa-check&#8221; icon_color=&#8221;om-accent-color-2&#8243;]Producenci<br \/>\nDostawcy<br \/>\nRetailers<br \/>\nHotele \/ Szpitale \/ Centra handlowe[\/om_list][\/vc_column_inner][\/vc_row_inner][\/vc_column][vc_column width=&#8221;1\/4&#8243; css=&#8221;.vc_custom_1481110352024{background-color: rgba(222,228,232,0.43) !important;*background-color: rgb(222,228,232) !important;}&#8221;][vc_custom_heading text=&#8221;LINKI&#8221; font_container=&#8221;tag:h2|text_align:center&#8221;][vc_separator color=&#8221;white&#8221;][om_click_icon_box icon_fontawesome=&#8221;fa fa-info&#8221; size=&#8221;s&#8221; color=&#8221;om-accent-color-3&#8243; link=&#8221;url:https%3A%2F%2Fkitchenbathchina.co%2Fpl%2Fabout-the-trade-show%2F|title:O%20Targach|target:%20_blank|&#8221; title=&#8221;O Targach&#8221;][\/om_click_icon_box][om_click_icon_box icon_fontawesome=&#8221;fa fa-line-chart&#8221; size=&#8221;s&#8221; color=&#8221;om-accent-color-3&#8243; link=&#8221;url:https%3A%2F%2Fkitchenbathchina.co%2Fpl%2Fabout-the-trade-show%2F%231481544108404-852aaf26-6f83|title:Statystyki%20Wystawc%C3%B3w|target:%20_blank|&#8221; title=&#8221;Statystyki Wystawc\u00f3w&#8221;][\/om_click_icon_box][om_click_icon_box icon_fontawesome=&#8221;fa fa-map&#8221; size=&#8221;s&#8221; color=&#8221;om-accent-color-3&#8243; link=&#8221;url:https%3A%2F%2Fkitchenbathchina.co%2Fpl%2Ffor-exhibitors%2F%23Plan|title:Plan%20stoisk|target:%20_blank|&#8221; title=&#8221;Plan stoisk&#8221;][\/om_click_icon_box][om_click_icon_box icon_fontawesome=&#8221;fa fa-list&#8221; size=&#8221;s&#8221; color=&#8221;om-accent-color-3&#8243; link=&#8221;url:https%3A%2F%2Fkitchenbathchina.co%2F2019%2F03%2F28%2Flist-of-exhibitors|title:Exhibitor%20List|target:%20_blank|&#8221; title=&#8221;Lista Wystawc\u00f3w&#8221;][\/om_click_icon_box][om_click_icon_box icon_fontawesome=&#8221;fa fa-ticket&#8221; size=&#8221;s&#8221; color=&#8221;om-accent-color-3&#8243; link=&#8221;url:https%3A%2F%2Fkitchenbathchina.co%2Fpl%2Fregistration%2F||target:%20_blank|&#8221; title=&#8221;Darmowy bilet&#8221;][\/om_click_icon_box][\/vc_column][\/vc_row][vc_row bg_type=&#8221;image&#8221; bg_image_pos=&#8221;100w_top&#8221; bg_image=&#8221;1045&#8243;][vc_column width=&#8221;1\/2&#8243; css=&#8221;.vc_custom_1511963456809{margin-top: -30px !important;margin-bottom: -30px !important;}&#8221;][vc_empty_space height=&#8221;2px&#8221;][vc_custom_heading text=&#8221;(color1)REJESTRACJA(\/color1) ODWIEDZAJ\u0104CYCH&#8221; uppercase=&#8221;yes&#8221; text_additional=&#8221;Wst\u0119p na targi KBC 2024 jest bezp\u0142atny dla go\u015bci bran\u017cowych tylko po dokonaniu Rejestracji ONLINE:&#8221; font_container=&#8221;tag:h2|text_align:left|color:%23ffffff&#8221;][\/vc_column][vc_column width=&#8221;1\/2&#8243; css=&#8221;.vc_custom_1511963470809{margin-top: -30px !important;margin-bottom: -30px !important;}&#8221;][vc_raw_html]JTNDZGl2JTIwY2xhc3MlM0QlMjJmYi1wYWdlJTIyJTIwZGF0YS1ocmVmJTNEJTIyaHR0cHMlM0ElMkYlMkZ3d3cuZmFjZWJvb2suY29tJTJGa2l0Y2hlbmJhdGhjaGluYSUyRiUyMiUyMGRhdGEtd2lkdGglM0QlMjI1MDAlMjIlMjBkYXRhLXNtYWxsLWhlYWRlciUzRCUyMnRydWUlMjIlMjBkYXRhLWFkYXB0LWNvbnRhaW5lci13aWR0aCUzRCUyMnRydWUlMjIlMjBkYXRhLWhpZGUtY292ZXIlM0QlMjJmYWxzZSUyMiUyMGRhdGEtc2hvdy1mYWNlcGlsZSUzRCUyMmZhbHNlJTIyJTNFJTNDYmxvY2txdW90ZSUyMGNpdGUlM0QlMjJodHRwcyUzQSUyRiUyRnd3dy5mYWNlYm9vay5jb20lMkZraXRjaGVuYmF0aGNoaW5hJTJGJTIyJTIwY2xhc3MlM0QlMjJmYi14ZmJtbC1wYXJzZS1pZ25vcmUlMjIlM0UlM0NhJTIwaHJlZiUzRCUyMmh0dHBzJTNBJTJGJTJGd3d3LmZhY2Vib29rLmNvbSUyRmtpdGNoZW5iYXRoY2hpbmElMkYlMjIlM0VLQkMlMjAyMDE5JTIwS2l0Y2hlbiUyMCUyNmFtcCUzQiUyMEJhdGglMjBDaGluYSUzQyUyRmElM0UlM0MlMkZibG9ja3F1b3RlJTNFJTNDJTJGZGl2JTNF[\/vc_raw_html][vc_column_text]<\/p>\n<h5><span style=\"color: #ffffff;\"><span class=\"st\">Zwracamy uwag\u0119 na to, \u017ce jest to zaproszenie imienne, wi\u0119c ka\u017cdy <em>odwiedzaj\u0105cy<\/em> musi zarejestrowa\u0107 si\u0119 osobi\u015bcie<\/span><\/span><\/h5>\n<p>[\/vc_column_text][\/vc_column][\/vc_row][vc_row][vc_column][vc_empty_space height=&#8221;16px&#8221;]<div role=\"form\" class=\"wpcf7\" id=\"wpcf7-f849-o3\" lang=\"en-US\" dir=\"ltr\">\n<div class=\"screen-reader-response\"><p role=\"status\" aria-live=\"polite\" aria-atomic=\"true\"><\/p> <ul><\/ul><\/div>\n<form action=\"\/pl\/wp-json\/wp\/v2\/pages\/791#wpcf7-f849-o3\" method=\"post\" class=\"wpcf7-form init\" novalidate=\"novalidate\" data-status=\"init\">\n<div style=\"display: none;\">\n<input type=\"hidden\" name=\"_wpcf7\" value=\"849\" \/>\n<input type=\"hidden\" name=\"_wpcf7_version\" value=\"5.6.3\" \/>\n<input type=\"hidden\" name=\"_wpcf7_locale\" value=\"en_US\" \/>\n<input type=\"hidden\" name=\"_wpcf7_unit_tag\" value=\"wpcf7-f849-o3\" \/>\n<input type=\"hidden\" name=\"_wpcf7_container_post\" value=\"0\" \/>\n<input type=\"hidden\" name=\"_wpcf7_posted_data_hash\" value=\"\" \/>\n<input type=\"hidden\" name=\"_wpcf7_recaptcha_response\" value=\"\" \/>\n<\/div>\n<div class=\"om-columns\">\n<div class=\"om-column om-one-half\">\n<p><span class=\"wpcf7-form-control-wrap\" data-name=\"sm-name\"><input type=\"text\" name=\"sm-name\" value=\"\" size=\"40\" class=\"wpcf7-form-control wpcf7-text wpcf7-validates-as-required\" aria-required=\"true\" aria-invalid=\"false\" placeholder=\"Imi\u0119 i nazwisko *\" \/><\/span><\/p>\n<p><span class=\"wpcf7-form-control-wrap\" data-name=\"sm-properties1\"><input type=\"text\" name=\"sm-properties1\" value=\"\" size=\"40\" class=\"wpcf7-form-control wpcf7-text wpcf7-validates-as-required\" aria-required=\"true\" aria-invalid=\"false\" placeholder=\"Stanowisko *\" \/><\/span><\/p>\n<div class=\"om-columns\">\n<div class=\"om-column om-one-half\">\n<p><span class=\"wpcf7-form-control-wrap\" data-name=\"sm-company\"><input type=\"text\" name=\"sm-company\" value=\"\" size=\"40\" class=\"wpcf7-form-control wpcf7-text wpcf7-validates-as-required\" aria-required=\"true\" aria-invalid=\"false\" placeholder=\"Firma *\" \/><\/span><\/p>\n<\/div>\n<div class=\"om-column om-one-half\">\n<p><span class=\"wpcf7-form-control-wrap\" data-name=\"sm-www\"><input type=\"text\" name=\"sm-www\" value=\"\" size=\"40\" class=\"wpcf7-form-control wpcf7-text\" aria-invalid=\"false\" placeholder=\"Website\" \/><\/span><\/p>\n<\/div>\n<\/div>\n<p class=\"note\">Wej\u015bci\u00f3wka zawiera powy\u017csze informacje<\/p>\n<div class=\"om-columns\">\n<div class=\"om-column om-one-half\">\n<p><span class=\"wpcf7-form-control-wrap\" data-name=\"sm-email\"><input type=\"email\" name=\"sm-email\" value=\"\" size=\"40\" class=\"wpcf7-form-control wpcf7-text wpcf7-email wpcf7-validates-as-required wpcf7-validates-as-email\" aria-required=\"true\" aria-invalid=\"false\" placeholder=\"Email *\" \/><\/span><\/p>\n<\/div>\n<div class=\"om-column om-one-half\">\n<p><span class=\"wpcf7-form-control-wrap\" data-name=\"sm-phone\"><input type=\"text\" name=\"sm-phone\" value=\"\" size=\"40\" class=\"wpcf7-form-control wpcf7-text wpcf7-validates-as-required\" aria-required=\"true\" aria-invalid=\"false\" placeholder=\"Numer telefonu *\" \/><\/span><\/p>\n<\/div>\n<\/div>\n<p><strong>Jakie obszary tematyczne interesuj\u0105 Pa\u0144stwo najbardziej?<\/strong><\/p>\n<p><span class=\"wpcf7-form-control-wrap\" data-name=\"INTERESTED\"><span class=\"wpcf7-form-control wpcf7-checkbox wpcf7-validates-as-required\"><span class=\"wpcf7-list-item first\"><input type=\"checkbox\" name=\"INTERESTED[]\" value=\"Meble kuchenne i \u0142azienkowe\" \/><span class=\"wpcf7-list-item-label\">Meble kuchenne i \u0142azienkowe<\/span><\/span><span class=\"wpcf7-list-item\"><input type=\"checkbox\" name=\"INTERESTED[]\" value=\"Sprz\u0119t kuchenny i \u0142azienkowy, p\u0142yty grzewcze, piekarniki, naczynia kuchenne, urz\u0105dzenia do przetwarzania \u017cywno\u015bci\" \/><span class=\"wpcf7-list-item-label\">Sprz\u0119t kuchenny i \u0142azienkowy, p\u0142yty grzewcze, piekarniki, naczynia kuchenne, urz\u0105dzenia do przetwarzania \u017cywno\u015bci<\/span><\/span><span class=\"wpcf7-list-item\"><input type=\"checkbox\" name=\"INTERESTED[]\" value=\"Artyku\u0142y gospodarstwa domowego\" \/><span class=\"wpcf7-list-item-label\">Artyku\u0142y gospodarstwa domowego<\/span><\/span><span class=\"wpcf7-list-item\"><input type=\"checkbox\" name=\"INTERESTED[]\" value=\"Sauny, \u0142a\u017anie parowe, jacuzzi, SPA, solaria, baseny, \u0142a\u017anie\" \/><span class=\"wpcf7-list-item-label\">Sauny, \u0142a\u017anie parowe, jacuzzi, SPA, solaria, baseny, \u0142a\u017anie<\/span><\/span><span class=\"wpcf7-list-item\"><input type=\"checkbox\" name=\"INTERESTED[]\" value=\"In\u017cynieria, systemy sanitarne\" \/><span class=\"wpcf7-list-item-label\">In\u017cynieria, systemy sanitarne<\/span><\/span><span class=\"wpcf7-list-item\"><input type=\"checkbox\" name=\"INTERESTED[]\" value=\"Uzdatnianie wody i \u015bciek\u00f3w, urz\u0105dzenia i materia\u0142y do czyszczenia wody, zaopatrzenie w wod\u0119 i kanalizacja\" \/><span class=\"wpcf7-list-item-label\">Uzdatnianie wody i \u015bciek\u00f3w, urz\u0105dzenia i materia\u0142y do czyszczenia wody, zaopatrzenie w wod\u0119 i kanalizacja<\/span><\/span><span class=\"wpcf7-list-item\"><input type=\"checkbox\" name=\"INTERESTED[]\" value=\"Wymienniki ciep\u0142a, systemy grzewcze, termostaty, materia\u0142y izolacyjne\" \/><span class=\"wpcf7-list-item-label\">Wymienniki ciep\u0142a, systemy grzewcze, termostaty, materia\u0142y izolacyjne<\/span><\/span><span class=\"wpcf7-list-item\"><input type=\"checkbox\" name=\"INTERESTED[]\" value=\"Kot\u0142y domowe, bojlery, ga\u015bnice, technologie energooszcz\u0119dne\" \/><span class=\"wpcf7-list-item-label\">Kot\u0142y domowe, bojlery, ga\u015bnice, technologie energooszcz\u0119dne<\/span><\/span><span class=\"wpcf7-list-item\"><input type=\"checkbox\" name=\"INTERESTED[]\" value=\"Systemy wentylacyjne, filtry powietrza, oczyszczanie i nawil\u017canie powietrza\" \/><span class=\"wpcf7-list-item-label\">Systemy wentylacyjne, filtry powietrza, oczyszczanie i nawil\u017canie powietrza<\/span><\/span><span class=\"wpcf7-list-item\"><input type=\"checkbox\" name=\"INTERESTED[]\" value=\"Pompy, zawory, w\u0119\u017ce, akcesoria i narz\u0119dzia\" \/><span class=\"wpcf7-list-item-label\">Pompy, zawory, w\u0119\u017ce, akcesoria i narz\u0119dzia<\/span><\/span><span class=\"wpcf7-list-item\"><input type=\"checkbox\" name=\"INTERESTED[]\" value=\"Zintegrowane rozwi\u0105zania dla wyposa\u017cenia\" \/><span class=\"wpcf7-list-item-label\">Zintegrowane rozwi\u0105zania dla wyposa\u017cenia<\/span><\/span><span class=\"wpcf7-list-item\"><input type=\"checkbox\" name=\"INTERESTED[]\" value=\"Kolektory s\u0142oneczne\" \/><span class=\"wpcf7-list-item-label\">Kolektory s\u0142oneczne<\/span><\/span><span class=\"wpcf7-list-item\"><input type=\"checkbox\" name=\"INTERESTED[]\" value=\"Klimatyzatory, technologie ch\u0142odnicze\" \/><span class=\"wpcf7-list-item-label\">Klimatyzatory, technologie ch\u0142odnicze<\/span><\/span><span class=\"wpcf7-list-item\"><input type=\"checkbox\" name=\"INTERESTED[]\" value=\"Materia\u0142y budowlane, o\u015bwietlenie, akcesoria\" \/><span class=\"wpcf7-list-item-label\">Materia\u0142y budowlane, o\u015bwietlenie, akcesoria<\/span><\/span><span class=\"wpcf7-list-item\"><input type=\"checkbox\" name=\"INTERESTED[]\" value=\"Design\" \/><span class=\"wpcf7-list-item-label\">Design<\/span><\/span><span class=\"wpcf7-list-item last\"><input type=\"checkbox\" name=\"INTERESTED[]\" value=\"Inne\" \/><span class=\"wpcf7-list-item-label\">Inne<\/span><\/span><\/span><\/span>\n<\/p><\/div>\n<div class=\"om-column om-one-half\">\n<div class=\"om-columns\">\n<div class=\"om-column om-one-half\">\n<p><span class=\"wpcf7-form-control-wrap\" data-name=\"sm-city\"><input type=\"text\" name=\"sm-city\" value=\"\" size=\"40\" class=\"wpcf7-form-control wpcf7-text wpcf7-validates-as-required\" aria-required=\"true\" aria-invalid=\"false\" placeholder=\"Miasto *\" \/><\/span><\/p>\n<\/div>\n<div class=\"om-column om-one-half\">\n<p><span class=\"wpcf7-form-control-wrap\" data-name=\"sm-postcode\"><input type=\"text\" name=\"sm-postcode\" value=\"\" size=\"40\" class=\"wpcf7-form-control wpcf7-text\" aria-invalid=\"false\" placeholder=\"Kod pocztowy\" \/><\/span><\/p>\n<\/div>\n<\/div>\n<p><span class=\"wpcf7-form-control-wrap\" data-name=\"sm-properties3\"><input type=\"text\" name=\"sm-properties3\" value=\"\" size=\"40\" class=\"wpcf7-form-control wpcf7-text\" aria-invalid=\"false\" placeholder=\"Wojew\u00f3dztwo *\" \/><\/span><\/p>\n<p><span class=\"wpcf7-form-control-wrap\" data-name=\"sm-country\"><input type=\"text\" name=\"sm-country\" value=\"\" size=\"40\" class=\"wpcf7-form-control wpcf7-text wpcf7-validates-as-required\" aria-required=\"true\" aria-invalid=\"false\" placeholder=\"Kraj *\" \/><\/span><\/p>\n<p><span class=\"wpcf7-form-control-wrap\" data-name=\"COMMMENTS\"><textarea name=\"COMMMENTS\" cols=\"40\" rows=\"3\" class=\"wpcf7-form-control wpcf7-textarea\" aria-invalid=\"false\" placeholder=\"Dodatkowe informacje\"><\/textarea><\/span><\/p>\n<p><strong>Prosimy poda\u0107 g\u0142\u00f3wny przedmiot dzia\u0142alno\u015bci firmy<\/strong><\/p>\n<p><span class=\"wpcf7-form-control-wrap\" data-name=\"sm-radio\"><span class=\"wpcf7-form-control wpcf7-radio\"><span class=\"wpcf7-list-item first\"><input type=\"radio\" name=\"sm-radio\" value=\"Sprzeda\u017c hurtowa\" \/><span class=\"wpcf7-list-item-label\">Sprzeda\u017c hurtowa<\/span><\/span><span class=\"wpcf7-list-item\"><input type=\"radio\" name=\"sm-radio\" value=\"Sprzeda\u017c detaliczna\" \/><span class=\"wpcf7-list-item-label\">Sprzeda\u017c detaliczna<\/span><\/span><span class=\"wpcf7-list-item\"><input type=\"radio\" name=\"sm-radio\" value=\"Design (kuchnia, \u0142azienka)\" \/><span class=\"wpcf7-list-item-label\">Design (kuchnia, \u0142azienka)<\/span><\/span><span class=\"wpcf7-list-item\"><input type=\"radio\" name=\"sm-radio\" value=\"In\u017cynieria, urz\u0105dzenia i instalacje sanitarne\" \/><span class=\"wpcf7-list-item-label\">In\u017cynieria, urz\u0105dzenia i instalacje sanitarne<\/span><\/span><span class=\"wpcf7-list-item\"><input type=\"radio\" name=\"sm-radio\" value=\"Budownictwo\" \/><span class=\"wpcf7-list-item-label\">Budownictwo<\/span><\/span><span class=\"wpcf7-list-item\"><input type=\"radio\" name=\"sm-radio\" value=\"Produkcja materia\u0142\u00f3w\" \/><span class=\"wpcf7-list-item-label\">Produkcja materia\u0142\u00f3w<\/span><\/span><span class=\"wpcf7-list-item\"><input type=\"radio\" name=\"sm-radio\" value=\"Produkcja urz\u0105dze\u0144\" \/><span class=\"wpcf7-list-item-label\">Produkcja urz\u0105dze\u0144<\/span><\/span><span class=\"wpcf7-list-item\"><input type=\"radio\" name=\"sm-radio\" value=\"Media\" \/><span class=\"wpcf7-list-item-label\">Media<\/span><\/span><span class=\"wpcf7-list-item last\"><input type=\"radio\" name=\"sm-radio\" value=\"Inne\" \/><span class=\"wpcf7-list-item-label\">Inne<\/span><\/span><\/span><\/span><\/p>\n<p><strong>Czy wcze\u015bniej odwiedzali Pa\u0144stwo targi KBC?<\/strong><\/p>\n<p><span class=\"wpcf7-form-control-wrap\" data-name=\"VISIT\"><span class=\"wpcf7-form-control wpcf7-radio\"><span class=\"wpcf7-list-item first\"><input type=\"radio\" name=\"VISIT\" value=\"Tak\" \/><span class=\"wpcf7-list-item-label\">Tak<\/span><\/span><span class=\"wpcf7-list-item last\"><input type=\"radio\" name=\"VISIT\" value=\"Nie\" \/><span class=\"wpcf7-list-item-label\">Nie<\/span><\/span><\/span><\/span><\/p>\n<div class=\"om-columns\">\n<div class=\"om-column om-one-half\">\n<p><span class=\"wpcf7-form-control-wrap\" data-name=\"mc4wp-LINKEDIN\"><input type=\"text\" name=\"mc4wp-LINKEDIN\" value=\"\" size=\"40\" class=\"wpcf7-form-control wpcf7-text\" aria-invalid=\"false\" placeholder=\"LinkedIn Profile\" \/><\/span><\/p>\n<\/div>\n<div class=\"om-column om-one-half\">\n<p><span class=\"wpcf7-form-control-wrap\" data-name=\"mc4wp-TWITTER\"><input type=\"text\" name=\"mc4wp-TWITTER\" value=\"\" size=\"40\" class=\"wpcf7-form-control wpcf7-text\" aria-invalid=\"false\" placeholder=\"Twitter Handle @\" \/><\/span><\/p>\n<\/div>\n<\/div>\n<\/div>\n<\/div>\n<p><!--\n<div class=\"g-recaptcha\" data-sitekey=\"6LfoWTcUAAAAAL84apWI3KHhZRxrc7zZRLrbCe-1\"><\/div>\n<p> --> <span class=\"wpcf7-form-control-wrap\" data-name=\"agree\"><span class=\"wpcf7-form-control wpcf7-acceptance invert\"><span class=\"wpcf7-list-item\"><input type=\"checkbox\" name=\"agree\" value=\"1\" aria-invalid=\"false\" checked=\"checked\" class=\"mY_agree\" \/><\/span><\/span><\/span><\/p>\n<p><input type=\"submit\" value=\"WY\u015aLIJ\" class=\"wpcf7-form-control has-spinner wpcf7-submit\" \/><\/p>\n<p><input type=\"hidden\" name=\"mc4wp-subscribe\" value=\"1\" \/><\/p>\n<div class=\"wpcf7-response-output\" aria-hidden=\"true\"><\/div><\/form><\/div>[\/vc_column][\/vc_row][vc_row bg_type=&#8221;image&#8221; bg_image_pos=&#8221;100w_bottom&#8221; bg_image_dimming=&#8221;rgba(196,196,196,0.01)&#8221; bg_image=&#8221;1479&#8243;][vc_column][vc_empty_space height=&#8221;100px&#8221;][vc_cta h2=&#8221;&#8221; add_stripes=&#8221;&#8221; add_button=&#8221;right&#8221; css_animation=&#8221;fade-in&#8221; btn_color=&#8221;om-accent-color-2&#8243; btn_text_color=&#8221;custom&#8221; btn_title=&#8221;DOL\u0104CZ&#8221; btn_link=&#8221;url:https%3A%2F%2Fwww.facebook.com%2Fkitchenbathchina%2F||target:%20_blank|&#8221; btn_text_custom_color=&#8221;#ffffff&#8221; custom_background=&#8221;rgba(255,255,255,0.01)&#8221;][vc_empty_space height=&#8221;100px&#8221;][\/vc_column][\/vc_row][vc_row][vc_column][vc_column_text]<a class=\"addeventatc\" title=\"Add to Calendar\" href=\"https:\/\/www.addevent.com\/event\/dv3930420\" target=\"_blank\" rel=\"noopener noreferrer\" data-id=\"dv3930420\">Add to Calendar<\/a><br \/>\n<script type=\"text\/javascript\" src=\"https:\/\/addevent.com\/libs\/atc\/1.6.1\/atc.min.js\" async defer><\/script><\/p>\n<p style=\"text-align: right;\">30&nbsp;418 views<\/p>\n<p>[\/vc_column_text][\/vc_column][\/vc_row]<\/p>","protected":false},"excerpt":{"rendered":"<p>[vc_row][vc_column width=&#8221;3\/4&#8243;][vc_custom_heading text=&#8221;(color2)Kitchen &amp; Bath China(\/color2) s\u0105 to najwi\u0119ksze i najwa\u017cniejsze targi mi\u0119dzynarodowe kuchni, \u0142azienki, ceramiki sanitarnej, grzewczej, klimatyzacyjnej i technologii w (color2)Azji.(\/color2) &#8221; text_additional=&#8221;KBC&hellip;<\/p>\n<p><a href=\"https:\/\/kitchenbathchina.co\/pl\/for-visitors\/\" class=\"read-more-link\"><span class=\"read-more-icon\"><\/span>Read more<\/a><\/p>\n","protected":false},"author":1,"featured_media":2324,"parent":0,"menu_order":2,"comment_status":"closed","ping_status":"closed","template":"","meta":{"_exactmetrics_skip_tracking":false,"_exactmetrics_sitenote_active":false,"_exactmetrics_sitenote_note":"","_exactmetrics_sitenote_category":0},"yst_prominent_words":[311,245,239,242,446,209,240],"_links":{"self":[{"href":"https:\/\/kitchenbathchina.co\/pl\/wp-json\/wp\/v2\/pages\/791"}],"collection":[{"href":"https:\/\/kitchenbathchina.co\/pl\/wp-json\/wp\/v2\/pages"}],"about":[{"href":"https:\/\/kitchenbathchina.co\/pl\/wp-json\/wp\/v2\/types\/page"}],"author":[{"embeddable":true,"href":"https:\/\/kitchenbathchina.co\/pl\/wp-json\/wp\/v2\/users\/1"}],"replies":[{"embeddable":true,"href":"https:\/\/kitchenbathchina.co\/pl\/wp-json\/wp\/v2\/comments?post=791"}],"version-history":[{"count":145,"href":"https:\/\/kitchenbathchina.co\/pl\/wp-json\/wp\/v2\/pages\/791\/revisions"}],"predecessor-version":[{"id":25101,"href":"https:\/\/kitchenbathchina.co\/pl\/wp-json\/wp\/v2\/pages\/791\/revisions\/25101"}],"wp:featuredmedia":[{"embeddable":true,"href":"https:\/\/kitchenbathchina.co\/pl\/wp-json\/wp\/v2\/media\/2324"}],"wp:attachment":[{"href":"https:\/\/kitchenbathchina.co\/pl\/wp-json\/wp\/v2\/media?parent=791"}],"wp:term":[{"taxonomy":"yst_prominent_words","embeddable":true,"href":"https:\/\/kitchenbathchina.co\/pl\/wp-json\/wp\/v2\/yst_prominent_words?post=791"}],"curies":[{"name":"wp","href":"https:\/\/api.w.org\/{rel}","templated":true}]}}