{"id":791,"date":"2024-10-07T15:46:11","date_gmt":"2024-10-07T13:46:11","guid":{"rendered":"https:\/\/kitchenbathchina.co\/?page_id=791"},"modified":"2025-12-16T15:48:35","modified_gmt":"2025-12-16T14:48:35","slug":"for-visitors","status":"publish","type":"page","link":"https:\/\/kitchenbathchina.co\/fr\/for-visitors\/","title":{"rendered":"Pour les Visiteurs"},"content":{"rendered":"<p>[vc_row][vc_column width=\u00a0\u00bb3\/4&Prime;][vc_custom_heading text=\u00a0\u00bb(color2)Kitchen &amp; Bath China(\/color2) est le plus grand et le plus important salon international des cuisines, salles de bains, sanitaires, chauffage, climatisation et technologies (color2)en Asie(\/color2).\u00a0\u00bb text_additional=\u00a0\u00bbKBC 2024 Kitchen &amp; Bath China est une excellente occasion de faire connaissance avec les entreprises et les produits chinois, ainsi que d&rsquo;\u00e9tablir des contacts commerciaux directs entre producteurs et exportateurs. Le march\u00e9 chinois dynamique offre de nombreuses possibilit\u00e9s de d\u00e9veloppement des affaires, non seulement pour les grandes entreprises, mais \u00e9galement pour les moyennes et petites entreprises.\u00a0\u00bb][vc_custom_heading text=\u00a0\u00bbEn tant que (color2)visiteur(\/color2), vous trouverez ici des produits de marques renomm\u00e9es et nouvelles pr\u00e9sent\u00e9s par plus de 5 662 du global et local producteurs, distributeurs, entreprises de commerce et soci\u00e9t\u00e9s d&rsquo;ing\u00e9nierie.\u00a0\u00bb text_additional=\u00a0\u00bbC&rsquo;est un endroit unique pour pr\u00e9senter des produits pour la cuisine, la salle de bain, des solutions d&rsquo;installation et de chauffage pour des invit\u00e9s tels que:\u00a0\u00bb][vc_row_inner][vc_column_inner width=\u00a0\u00bb1\/3&Prime;][om_list icon_fontawesome=\u00a0\u00bbfa fa-check\u00a0\u00bb icon_color=\u00a0\u00bbom-accent-color-2&Prime;]Entreprises de construction<br \/>\nArchitectes d&rsquo;int\u00e9rieur<br \/>\nBureaux d&rsquo;\u00e9tudes<br \/>\nLes d\u00e9veloppeurs[\/om_list][\/vc_column_inner][vc_column_inner width=\u00a0\u00bb1\/3&Prime;][om_list icon_fontawesome=\u00a0\u00bbfa fa-check\u00a0\u00bb icon_color=\u00a0\u00bbom-accent-color-2&Prime;]Architectes<br \/>\nDistributeurs<br \/>\nPlombiers<br \/>\nPlanificateurs[\/om_list][\/vc_column_inner][vc_column_inner width=\u00a0\u00bb1\/3&Prime;][om_list icon_fontawesome=\u00a0\u00bbfa fa-check\u00a0\u00bb icon_color=\u00a0\u00bbom-accent-color-2&Prime;]Fabricants<br \/>\nFournisseurs<br \/>\nLes d\u00e9taillants<br \/>\nH\u00f4tels \/ H\u00f4pitaux \/ Centres commerciaux[\/om_list][\/vc_column_inner][\/vc_row_inner][\/vc_column][vc_column width=\u00a0\u00bb1\/4&Prime; css=\u00a0\u00bb.vc_custom_1549628451896{background-color: rgba(222,228,232,0.43) !important;*background-color: rgb(222,228,232) !important;}\u00a0\u00bb][vc_custom_heading text=\u00a0\u00bbLIENS\u00a0\u00bb font_container=\u00a0\u00bbtag:h2|text_align:center\u00a0\u00bb][om_click_icon_box icon_fontawesome=\u00a0\u00bbfa fa-info\u00a0\u00bb size=\u00a0\u00bbs\u00a0\u00bb color=\u00a0\u00bbom-accent-color-3&Prime; link=\u00a0\u00bburl:https%3A%2F%2Fkitchenbathchina.co%2Fabout-the-trade-show%2F|title:Informations%20sur%20la%20foire|target:%20_blank|\u00a0\u00bb title=\u00a0\u00bbInformations sur la foire\u00a0\u00bb][\/om_click_icon_box][om_click_icon_box icon_fontawesome=\u00a0\u00bbfa fa-line-chart\u00a0\u00bb size=\u00a0\u00bbs\u00a0\u00bb color=\u00a0\u00bbom-accent-color-3&Prime; link=\u00a0\u00bburl:https%3A%2F%2Fkitchenbathchina.co%2Ffr%2Fabout-the-trade-show%2F%231481544108404-852aaf26-6f83|title:Statistiques%20des%20exposants|target:%20_blank|\u00a0\u00bb title=\u00a0\u00bbStatistiques des exposants\u00a0\u00bb][\/om_click_icon_box][om_click_icon_box icon_fontawesome=\u00a0\u00bbfa fa-map\u00a0\u00bb size=\u00a0\u00bbs\u00a0\u00bb color=\u00a0\u00bbom-accent-color-3&Prime; link=\u00a0\u00bburl:https%3A%2F%2Fkitchenbathchina.co%2Fpl%2Ffor-exhibitors%2F%23Plan|title:Disposition%20des%20stands|target:%20_blank|\u00a0\u00bb title=\u00a0\u00bbDisposition des stands\u00a0\u00bb][\/om_click_icon_box][om_click_icon_box icon_fontawesome=\u00a0\u00bbfa fa-list\u00a0\u00bb size=\u00a0\u00bbs\u00a0\u00bb color=\u00a0\u00bbom-accent-color-3&Prime; link=\u00a0\u00bburl:https%3A%2F%2Fkitchenbathchina.co%2F2019%2F03%2F28%2Flist-of-exhibitors|title:Liste%20des%20exposants|target:%20_blank|\u00a0\u00bb title=\u00a0\u00bbListe des exposants\u00a0\u00bb][\/om_click_icon_box][om_click_icon_box icon_fontawesome=\u00a0\u00bbfa fa-ticket\u00a0\u00bb size=\u00a0\u00bbs\u00a0\u00bb color=\u00a0\u00bbom-accent-color-3&Prime; link=\u00a0\u00bburl:https%3A%2F%2Fkitchenbathchina.co%2Ffr%2Fregistration%2F|title:Le%20ticket%20%20gratuit|target:%20_blank|\u00a0\u00bb title=\u00a0\u00bbLe ticket gratuit\u00a0\u00bb][\/om_click_icon_box][\/vc_column][\/vc_row]<\/p>\n<p>[vc_row bg_type=\u00a0\u00bbgradient\u00a0\u00bb bg_color=\u00a0\u00bb#ffffff\u00a0\u00bb bg_color2=\u00a0\u00bb#0051a3&Prime;][vc_column width=\u00a0\u00bb1\/2&Prime;][vc_empty_space height=\u00a0\u00bb2px\u00a0\u00bb][vc_custom_heading text=\u00a0\u00bb(color2)INSCRIPTION(\/color2) DE VISITEURS\u00a0\u00bb uppercase=\u00a0\u00bbyes\u00a0\u00bb text_additional=\u00a0\u00bbL&rsquo;entr\u00e9e \u00e0 KBC 2024 est gratuite pour les visiteurs professionnels uniquement apr\u00e8s avoir termin\u00e9 l&rsquo;inscription en ligne:\u00a0\u00bb][\/vc_column][vc_column width=\u00a0\u00bb1\/2&Prime;][vc_raw_html]JTNDZGl2JTIwY2xhc3MlM0QlMjJmYi1wYWdlJTIyJTIwZGF0YS1ocmVmJTNEJTIyaHR0cHMlM0ElMkYlMkZ3d3cuZmFjZWJvb2suY29tJTJGa2l0Y2hlbmJhdGhjaGluYSUyRiUyMiUyMGRhdGEtd2lkdGglM0QlMjI1MDAlMjIlMjBkYXRhLXNtYWxsLWhlYWRlciUzRCUyMnRydWUlMjIlMjBkYXRhLWFkYXB0LWNvbnRhaW5lci13aWR0aCUzRCUyMnRydWUlMjIlMjBkYXRhLWhpZGUtY292ZXIlM0QlMjJmYWxzZSUyMiUyMGRhdGEtc2hvdy1mYWNlcGlsZSUzRCUyMmZhbHNlJTIyJTNFJTNDYmxvY2txdW90ZSUyMGNpdGUlM0QlMjJodHRwcyUzQSUyRiUyRnd3dy5mYWNlYm9vay5jb20lMkZraXRjaGVuYmF0aGNoaW5hJTJGJTIyJTIwY2xhc3MlM0QlMjJmYi14ZmJtbC1wYXJzZS1pZ25vcmUlMjIlM0UlM0NhJTIwaHJlZiUzRCUyMmh0dHBzJTNBJTJGJTJGd3d3LmZhY2Vib29rLmNvbSUyRmtpdGNoZW5iYXRoY2hpbmElMkYlMjIlM0VLQkMlMjAyMDE5JTIwS2l0Y2hlbiUyMCUyNmFtcCUzQiUyMEJhdGglMjBDaGluYSUzQyUyRmElM0UlM0MlMkZibG9ja3F1b3RlJTNFJTNDJTJGZGl2JTNF[\/vc_raw_html][vc_column_text]<span style=\"color: #ffffff;\"><span lang=\"en-US\">Nous sommes attentifs au fait qu&rsquo;il s&rsquo;agit d&rsquo;une invitation personnelle, chaque visiteur doit donc s&rsquo;inscrire en personne<\/span><\/span>[\/vc_column_text][\/vc_column][\/vc_row]<\/p>\n<p>[vc_row][vc_column][vc_empty_space height=\u00a0\u00bb16px\u00a0\u00bb]<div role=\"form\" class=\"wpcf7\" id=\"wpcf7-f1916-o5\" lang=\"en-US\" dir=\"ltr\">\n<div class=\"screen-reader-response\"><p role=\"status\" aria-live=\"polite\" aria-atomic=\"true\"><\/p> <ul><\/ul><\/div>\n<form action=\"\/fr\/wp-json\/wp\/v2\/pages\/791#wpcf7-f1916-o5\" method=\"post\" class=\"wpcf7-form init\" novalidate=\"novalidate\" data-status=\"init\">\n<div style=\"display: none;\">\n<input type=\"hidden\" name=\"_wpcf7\" value=\"1916\" \/>\n<input type=\"hidden\" name=\"_wpcf7_version\" value=\"5.6.3\" \/>\n<input type=\"hidden\" name=\"_wpcf7_locale\" value=\"en_US\" \/>\n<input type=\"hidden\" name=\"_wpcf7_unit_tag\" value=\"wpcf7-f1916-o5\" \/>\n<input type=\"hidden\" name=\"_wpcf7_container_post\" value=\"0\" \/>\n<input type=\"hidden\" name=\"_wpcf7_posted_data_hash\" value=\"\" \/>\n<input type=\"hidden\" name=\"_wpcf7_recaptcha_response\" value=\"\" \/>\n<\/div>\n<div class=\"om-columns\">\n<div class=\"om-column om-one-half\">\n<p><span class=\"wpcf7-form-control-wrap\" data-name=\"sm-name\"><input type=\"text\" name=\"sm-name\" value=\"\" size=\"40\" class=\"wpcf7-form-control wpcf7-text wpcf7-validates-as-required\" aria-required=\"true\" aria-invalid=\"false\" placeholder=\"Nom et pr\u00e9nom *\" \/><\/span><\/p>\n<p><span class=\"wpcf7-form-control-wrap\" data-name=\"sm-properties1\"><input type=\"text\" name=\"sm-properties1\" value=\"\" size=\"40\" class=\"wpcf7-form-control wpcf7-text wpcf7-validates-as-required\" aria-required=\"true\" aria-invalid=\"false\" placeholder=\"Position *\" \/><\/span><\/p>\n<div class=\"om-columns\">\n<div class=\"om-column om-one-half\">\n<p><span class=\"wpcf7-form-control-wrap\" data-name=\"sm-company\"><input type=\"text\" name=\"sm-company\" value=\"\" size=\"40\" class=\"wpcf7-form-control wpcf7-text wpcf7-validates-as-required\" aria-required=\"true\" aria-invalid=\"false\" placeholder=\"Firma *\" \/><\/span><\/p>\n<\/div>\n<div class=\"om-column om-one-half\">\n<p><span class=\"wpcf7-form-control-wrap\" data-name=\"sm-www\"><input type=\"text\" name=\"sm-www\" value=\"\" size=\"40\" class=\"wpcf7-form-control wpcf7-text\" aria-invalid=\"false\" placeholder=\"Webside\" \/><\/span><\/p>\n<\/div>\n<\/div>\n<p class=\"note\">La carte d\u2019entr\u00e9e contient les informations ci-dessus<\/p>\n<div class=\"om-columns\">\n<div class=\"om-column om-one-half\">\n<p><span class=\"wpcf7-form-control-wrap\" data-name=\"sm-email\"><input type=\"email\" name=\"sm-email\" value=\"\" size=\"40\" class=\"wpcf7-form-control wpcf7-text wpcf7-email wpcf7-validates-as-required wpcf7-validates-as-email\" aria-required=\"true\" aria-invalid=\"false\" placeholder=\"Email *\" \/><\/span><\/p>\n<\/div>\n<div class=\"om-column om-one-half\">\n<p><span class=\"wpcf7-form-control-wrap\" data-name=\"sm-phone\"><input type=\"text\" name=\"sm-phone\" value=\"\" size=\"40\" class=\"wpcf7-form-control wpcf7-text wpcf7-validates-as-required\" aria-required=\"true\" aria-invalid=\"false\" placeholder=\"Num\u00e9ro de telephone *\" \/><\/span><\/p>\n<\/div>\n<\/div>\n<p><strong>Quels sont les domaines th\u00e9matiques qui vous int\u00e9ressent le plus?<\/strong><\/p>\n<p><span class=\"wpcf7-form-control-wrap\" data-name=\"INTERESTED\"><span class=\"wpcf7-form-control wpcf7-checkbox wpcf7-validates-as-required\"><span class=\"wpcf7-list-item first\"><input type=\"checkbox\" name=\"INTERESTED[]\" value=\"Meubles de cuisine et de salle de bain\" \/><span class=\"wpcf7-list-item-label\">Meubles de cuisine et de salle de bain<\/span><\/span><span class=\"wpcf7-list-item\"><input type=\"checkbox\" name=\"INTERESTED[]\" value=\"\u00c9quipements de cuisine et de salle de bain, plaques de cuisson, fours, ustensiles de cuisine, \u00e9quipement de transformation des aliments\" \/><span class=\"wpcf7-list-item-label\">\u00c9quipements de cuisine et de salle de bain, plaques de cuisson, fours, ustensiles de cuisine, \u00e9quipement de transformation des aliments<\/span><\/span><span class=\"wpcf7-list-item\"><input type=\"checkbox\" name=\"INTERESTED[]\" value=\"Articles m\u00e9nagers\" \/><span class=\"wpcf7-list-item-label\">Articles m\u00e9nagers<\/span><\/span><span class=\"wpcf7-list-item\"><input type=\"checkbox\" name=\"INTERESTED[]\" value=\"Saunas, bains de vapeur, bains \u00e0 remous, SPA, solariums, piscines, bains\" \/><span class=\"wpcf7-list-item-label\">Saunas, bains de vapeur, bains \u00e0 remous, SPA, solariums, piscines, bains<\/span><\/span><span class=\"wpcf7-list-item\"><input type=\"checkbox\" name=\"INTERESTED[]\" value=\"Ing\u00e9nierie, syst\u00e8mes sanitaires\" \/><span class=\"wpcf7-list-item-label\">Ing\u00e9nierie, syst\u00e8mes sanitaires<\/span><\/span><span class=\"wpcf7-list-item\"><input type=\"checkbox\" name=\"INTERESTED[]\" value=\"Traitement de l&#039;eau et des eaux us\u00e9es, \u00e9quipements et mat\u00e9riaux pour le nettoyage de l&#039;eau, l&#039;adduction d&#039;eau et l&#039;assainissement\" \/><span class=\"wpcf7-list-item-label\">Traitement de l&#039;eau et des eaux us\u00e9es, \u00e9quipements et mat\u00e9riaux pour le nettoyage de l&#039;eau, l&#039;adduction d&#039;eau et l&#039;assainissement<\/span><\/span><span class=\"wpcf7-list-item\"><input type=\"checkbox\" name=\"INTERESTED[]\" value=\"Echangeurs de chaleur, syst\u00e8mes de chauffage, thermostats, mat\u00e9riaux isolants\" \/><span class=\"wpcf7-list-item-label\">Echangeurs de chaleur, syst\u00e8mes de chauffage, thermostats, mat\u00e9riaux isolants<\/span><\/span><span class=\"wpcf7-list-item\"><input type=\"checkbox\" name=\"INTERESTED[]\" value=\"Chaudi\u00e8res domestiques, chaudi\u00e8res, extincteurs, technologies d&#039;\u00e9conomie d&#039;\u00e9nergie\" \/><span class=\"wpcf7-list-item-label\">Chaudi\u00e8res domestiques, chaudi\u00e8res, extincteurs, technologies d&#039;\u00e9conomie d&#039;\u00e9nergie<\/span><\/span><span class=\"wpcf7-list-item\"><input type=\"checkbox\" name=\"INTERESTED[]\" value=\"Syst\u00e8mes de ventilation, filtres \u00e0 air, purification et humidification de l&#039;air\" \/><span class=\"wpcf7-list-item-label\">Syst\u00e8mes de ventilation, filtres \u00e0 air, purification et humidification de l&#039;air<\/span><\/span><span class=\"wpcf7-list-item\"><input type=\"checkbox\" name=\"INTERESTED[]\" value=\"Pompes, vannes, tuyaux, accessoires et outils\" \/><span class=\"wpcf7-list-item-label\">Pompes, vannes, tuyaux, accessoires et outils<\/span><\/span><span class=\"wpcf7-list-item\"><input type=\"checkbox\" name=\"INTERESTED[]\" value=\"Solutions int\u00e9gr\u00e9es pour l&#039;\u00e9quipement\" \/><span class=\"wpcf7-list-item-label\">Solutions int\u00e9gr\u00e9es pour l&#039;\u00e9quipement<\/span><\/span><span class=\"wpcf7-list-item\"><input type=\"checkbox\" name=\"INTERESTED[]\" value=\"Capteurs solaires\" \/><span class=\"wpcf7-list-item-label\">Capteurs solaires<\/span><\/span><span class=\"wpcf7-list-item\"><input type=\"checkbox\" name=\"INTERESTED[]\" value=\"Climatiseurs, technologies de r\u00e9frig\u00e9ration\" \/><span class=\"wpcf7-list-item-label\">Climatiseurs, technologies de r\u00e9frig\u00e9ration<\/span><\/span><span class=\"wpcf7-list-item\"><input type=\"checkbox\" name=\"INTERESTED[]\" value=\"Mat\u00e9riaux de construction, \u00e9clairage, accessoires\" \/><span class=\"wpcf7-list-item-label\">Mat\u00e9riaux de construction, \u00e9clairage, accessoires<\/span><\/span><span class=\"wpcf7-list-item\"><input type=\"checkbox\" name=\"INTERESTED[]\" value=\"Design\" \/><span class=\"wpcf7-list-item-label\">Design<\/span><\/span><span class=\"wpcf7-list-item last\"><input type=\"checkbox\" name=\"INTERESTED[]\" value=\"Autre\" \/><span class=\"wpcf7-list-item-label\">Autre<\/span><\/span><\/span><\/span>\n<\/p><\/div>\n<div class=\"om-column om-one-half\">\n<div class=\"om-columns\">\n<div class=\"om-column om-one-half\">\n<p><span class=\"wpcf7-form-control-wrap\" data-name=\"sm-city\"><input type=\"text\" name=\"sm-city\" value=\"\" size=\"40\" class=\"wpcf7-form-control wpcf7-text wpcf7-validates-as-required\" aria-required=\"true\" aria-invalid=\"false\" placeholder=\"Ville *\" \/><\/span><\/p>\n<\/div>\n<div class=\"om-column om-one-half\">\n<p><span class=\"wpcf7-form-control-wrap\" data-name=\"sm-postcode\"><input type=\"text\" name=\"sm-postcode\" value=\"\" size=\"40\" class=\"wpcf7-form-control wpcf7-text\" aria-invalid=\"false\" placeholder=\"Code postal\" \/><\/span><\/p>\n<\/div>\n<\/div>\n<p><span class=\"wpcf7-form-control-wrap\" data-name=\"sm-properties3\"><input type=\"text\" name=\"sm-properties3\" value=\"\" size=\"40\" class=\"wpcf7-form-control wpcf7-text\" aria-invalid=\"false\" placeholder=\"Province *\" \/><\/span><\/p>\n<p><span class=\"wpcf7-form-control-wrap\" data-name=\"sm-country\"><input type=\"text\" name=\"sm-country\" value=\"\" size=\"40\" class=\"wpcf7-form-control wpcf7-text wpcf7-validates-as-required\" aria-required=\"true\" aria-invalid=\"false\" placeholder=\"Pays *\" \/><\/span><\/p>\n<p><span class=\"wpcf7-form-control-wrap\" data-name=\"COMMMENTS\"><textarea name=\"COMMMENTS\" cols=\"40\" rows=\"3\" class=\"wpcf7-form-control wpcf7-textarea\" aria-invalid=\"false\" placeholder=\"Informations compl\u00e9mentaires\"><\/textarea><\/span><\/p>\n<p><strong>Veuillez indiquer l'activit\u00e9 principale de l'entreprise<\/strong><\/p>\n<p><span class=\"wpcf7-form-control-wrap\" data-name=\"sm-radio\"><span class=\"wpcf7-form-control wpcf7-radio\"><span class=\"wpcf7-list-item first\"><input type=\"radio\" name=\"sm-radio\" value=\"Vente en gros\" \/><span class=\"wpcf7-list-item-label\">Vente en gros<\/span><\/span><span class=\"wpcf7-list-item\"><input type=\"radio\" name=\"sm-radio\" value=\"Ventes au d\u00e9tail\" \/><span class=\"wpcf7-list-item-label\">Ventes au d\u00e9tail<\/span><\/span><span class=\"wpcf7-list-item\"><input type=\"radio\" name=\"sm-radio\" value=\"Design (cuisine, salle de bain)\" \/><span class=\"wpcf7-list-item-label\">Design (cuisine, salle de bain)<\/span><\/span><span class=\"wpcf7-list-item\"><input type=\"radio\" name=\"sm-radio\" value=\"Ing\u00e9nierie, \u00e9quipements et installations sanitaires\" \/><span class=\"wpcf7-list-item-label\">Ing\u00e9nierie, \u00e9quipements et installations sanitaires<\/span><\/span><span class=\"wpcf7-list-item\"><input type=\"radio\" name=\"sm-radio\" value=\"Architecture\" \/><span class=\"wpcf7-list-item-label\">Architecture<\/span><\/span><span class=\"wpcf7-list-item\"><input type=\"radio\" name=\"sm-radio\" value=\"Production de mat\u00e9riaux\" \/><span class=\"wpcf7-list-item-label\">Production de mat\u00e9riaux<\/span><\/span><span class=\"wpcf7-list-item\"><input type=\"radio\" name=\"sm-radio\" value=\"Production de dispositifs\" \/><span class=\"wpcf7-list-item-label\">Production de dispositifs<\/span><\/span><span class=\"wpcf7-list-item\"><input type=\"radio\" name=\"sm-radio\" value=\"M\u00e9dias\" \/><span class=\"wpcf7-list-item-label\">M\u00e9dias<\/span><\/span><span class=\"wpcf7-list-item last\"><input type=\"radio\" name=\"sm-radio\" value=\"Autre\" \/><span class=\"wpcf7-list-item-label\">Autre<\/span><\/span><\/span><\/span><\/p>\n<p><strong>Avez-vous d\u00e9j\u00e0 visit\u00e9 le salon KBC?<\/strong><\/p>\n<p><span class=\"wpcf7-form-control-wrap\" data-name=\"VISIT\"><span class=\"wpcf7-form-control wpcf7-radio\"><span class=\"wpcf7-list-item first\"><input type=\"radio\" name=\"VISIT\" value=\"Oui\" \/><span class=\"wpcf7-list-item-label\">Oui<\/span><\/span><span class=\"wpcf7-list-item last\"><input type=\"radio\" name=\"VISIT\" value=\"No\" \/><span class=\"wpcf7-list-item-label\">No<\/span><\/span><\/span><\/span><\/p>\n<div class=\"om-columns\">\n<div class=\"om-column om-one-half\">\n<p><span class=\"wpcf7-form-control-wrap\" data-name=\"mc4wp-LINKEDIN\"><input type=\"text\" name=\"mc4wp-LINKEDIN\" value=\"\" size=\"40\" class=\"wpcf7-form-control wpcf7-text\" aria-invalid=\"false\" placeholder=\"LinkedIn Profile\" \/><\/span><\/p>\n<\/div>\n<div class=\"om-column om-one-half\">\n<p><span class=\"wpcf7-form-control-wrap\" data-name=\"mc4wp-TWITTER\"><input type=\"text\" name=\"mc4wp-TWITTER\" value=\"\" size=\"40\" class=\"wpcf7-form-control wpcf7-text\" aria-invalid=\"false\" placeholder=\"Twitter Handle @\" \/><\/span><\/p>\n<\/div>\n<\/div>\n<\/div>\n<\/div>\n<p><input type=\"submit\" value=\"ENVOYER\" class=\"wpcf7-form-control has-spinner wpcf7-submit\" \/><\/p>\n<p><input type=\"hidden\" name=\"mc4wp-subscribe\" value=\"1\" \/><\/p>\n<div class=\"wpcf7-response-output\" aria-hidden=\"true\"><\/div><\/form><\/div>[\/vc_column][\/vc_row]<\/p>\n<p>[vc_row bg_type=\u00a0\u00bbimage\u00a0\u00bb bg_image=\u00a0\u00bb2328&Prime;][vc_column width=\u00a0\u00bb1\/4&Prime;][\/vc_column][vc_column width=\u00a0\u00bb1\/4&Prime;][\/vc_column][vc_column width=\u00a0\u00bb1\/4&Prime;][\/vc_column][vc_column width=\u00a0\u00bb1\/4&Prime;][vc_empty_space height=\u00a0\u00bb150px\u00a0\u00bb][vc_btn title=\u00a0\u00bbJOINS\u00a0\u00bb color=\u00a0\u00bbom-accent-color-2&Prime; size=\u00a0\u00bbxlg\u00a0\u00bb link=\u00a0\u00bburl:https%3A%2F%2Fwww.facebook.com%2Fkitchenbathchina%2F||target:%20_blank|\u00a0\u00bb css=\u00a0\u00bb.vc_custom_1571057892844{margin-left: 100px !important;}\u00a0\u00bb][vc_empty_space height=\u00a0\u00bb150px\u00a0\u00bb][\/vc_column][\/vc_row]<\/p>\n<p>[vc_row][vc_column][vc_column_text]<a class=\"addeventatc\" title=\"Add to Calendar\" href=\"https:\/\/www.addevent.com\/event\/dv3930420\" target=\"_blank\" rel=\"noopener noreferrer\" data-id=\"dv3930420\">Add to Calendar<\/a><br \/>\n<script type=\"text\/javascript\" src=\"https:\/\/addevent.com\/libs\/atc\/1.6.1\/atc.min.js\" async defer><\/script><\/p>\n<p style=\"text-align: right;\">30\u00a0750 views<\/p>\n<p>[\/vc_column_text][\/vc_column][\/vc_row]<\/p>","protected":false},"excerpt":{"rendered":"<p>[vc_row][vc_column width=\u00a0\u00bb3\/4&Prime;][vc_custom_heading text=\u00a0\u00bb(color2)Kitchen &amp; Bath China(\/color2) est le plus grand et le plus important salon international des cuisines, salles de bains, sanitaires, chauffage, climatisation et&hellip;<\/p>\n<p><a href=\"https:\/\/kitchenbathchina.co\/fr\/for-visitors\/\" class=\"read-more-link\"><span class=\"read-more-icon\"><\/span>Read more<\/a><\/p>\n","protected":false},"author":1,"featured_media":2324,"parent":0,"menu_order":2,"comment_status":"closed","ping_status":"closed","template":"","meta":{"_exactmetrics_skip_tracking":false,"_exactmetrics_sitenote_active":false,"_exactmetrics_sitenote_note":"","_exactmetrics_sitenote_category":0},"yst_prominent_words":[311,245,239,242,446,209,240],"_links":{"self":[{"href":"https:\/\/kitchenbathchina.co\/fr\/wp-json\/wp\/v2\/pages\/791"}],"collection":[{"href":"https:\/\/kitchenbathchina.co\/fr\/wp-json\/wp\/v2\/pages"}],"about":[{"href":"https:\/\/kitchenbathchina.co\/fr\/wp-json\/wp\/v2\/types\/page"}],"author":[{"embeddable":true,"href":"https:\/\/kitchenbathchina.co\/fr\/wp-json\/wp\/v2\/users\/1"}],"replies":[{"embeddable":true,"href":"https:\/\/kitchenbathchina.co\/fr\/wp-json\/wp\/v2\/comments?post=791"}],"version-history":[{"count":145,"href":"https:\/\/kitchenbathchina.co\/fr\/wp-json\/wp\/v2\/pages\/791\/revisions"}],"predecessor-version":[{"id":25101,"href":"https:\/\/kitchenbathchina.co\/fr\/wp-json\/wp\/v2\/pages\/791\/revisions\/25101"}],"wp:featuredmedia":[{"embeddable":true,"href":"https:\/\/kitchenbathchina.co\/fr\/wp-json\/wp\/v2\/media\/2324"}],"wp:attachment":[{"href":"https:\/\/kitchenbathchina.co\/fr\/wp-json\/wp\/v2\/media?parent=791"}],"wp:term":[{"taxonomy":"yst_prominent_words","embeddable":true,"href":"https:\/\/kitchenbathchina.co\/fr\/wp-json\/wp\/v2\/yst_prominent_words?post=791"}],"curies":[{"name":"wp","href":"https:\/\/api.w.org\/{rel}","templated":true}]}}