{"id":791,"date":"2024-10-07T15:46:11","date_gmt":"2024-10-07T13:46:11","guid":{"rendered":"https:\/\/kitchenbathchina.co\/?page_id=791"},"modified":"2025-12-16T15:48:35","modified_gmt":"2025-12-16T14:48:35","slug":"for-visitors","status":"publish","type":"page","link":"https:\/\/kitchenbathchina.co\/es\/for-visitors\/","title":{"rendered":"Para los Visitantes"},"content":{"rendered":"<p>[vc_row][vc_column width=\u00bb3\/4&#8243;][vc_custom_heading text=\u00bb(color2)Kitchen &amp; Bath China(\/color2) es la feria internacional m\u00e1s grande e importante de cocina, ba\u00f1o, sanitarios, calefacci\u00f3n, aire acondicionado y tecnolog\u00eda (color2)en Asia(\/color2). \u00bb text_additional=\u00bbKBC 2024 Kitchen &amp; Bath China es una oportunidad perfecta para conocer empresas y productos chinos, as\u00ed como para establecer contactos comerciales directos entre productores y exportadores de China y empresas de pa\u00edses europeos y \u00e1rabes. El din\u00e1mico mercado chino ofrece una gran cantidad de oportunidades para el desarrollo de negocios, no solo para grandes empresas, sino tambi\u00e9n para medianas y peque\u00f1as empresas.\u00bb][vc_custom_heading text=\u00bbComo (color2)visitante(\/color2), encontrar\u00e1 los productos de marcas reconocidas y nuevas presentados por m\u00e1s de (color2)5662(\/color2) fabricantes, distribuidores, compa\u00f1\u00edas comerciales y proveedores de servicios de ingenier\u00eda a nivel mundial y local.\u00bb text_additional=\u00bbLa plataforma \u00fanica que muestra productos de cocina, ba\u00f1o, instalaci\u00f3n y calefacci\u00f3n ser\u00e1 testigo de la aparici\u00f3n de visitantes como:\u00bb][vc_row_inner][vc_column_inner width=\u00bb1\/3&#8243;][om_list icon_fontawesome=\u00bbfa fa-check\u00bb icon_color=\u00bbom-accent-color-2&#8243;]Compa\u00f1\u00edas de construcci\u00f3n<br \/>\nDise\u00f1adores de interiores<br \/>\nConsultores de dise\u00f1o<br \/>\nIngenieros de dise\u00f1o<br \/>\nDesarrolladores de propiedades[\/om_list][\/vc_column_inner][vc_column_inner width=\u00bb1\/3&#8243;][om_list icon_fontawesome=\u00bbfa fa-check\u00bb icon_color=\u00bbom-accent-color-2&#8243;]Arquitectos<br \/>\nDistribuidores<br \/>\nInstaladores<br \/>\nPlanificadores<br \/>\nFabricantes [\/om_list][\/vc_column_inner][vc_column_inner width=\u00bb1\/3&#8243;][om_list icon_fontawesome=\u00bbfa fa-check\u00bb icon_color=\u00bbom-accent-color-2&#8243;]Proveedores<br \/>\nMinoristas<br \/>\nHoteles \/ Hospitales \/ Centros Comerciales[\/om_list][\/vc_column_inner][\/vc_row_inner][\/vc_column][vc_column width=\u00bb1\/4&#8243; css=\u00bb.vc_custom_1481110352028{background-color: rgba(222,228,232,0.43) !important;*background-color: rgb(222,228,232) !important;}\u00bb][vc_custom_heading text=\u00bbENLACES R\u00c1PIDOS\u00bb font_container=\u00bbtag:h2|text_align:center\u00bb][vc_separator color=\u00bbwhite\u00bb][om_click_icon_box icon_fontawesome=\u00bbfa fa-info\u00bb size=\u00bbs\u00bb color=\u00bbom-accent-color-3&#8243; link=\u00bburl:https%3A%2F%2Fkitchenbathchina.co%2Fabout-the-trade-show%2F|title:About%20the%20show|target:%20_blank|\u00bb title=\u00bbSobre el espect\u00e1culo\u00bb][\/om_click_icon_box][om_click_icon_box icon_fontawesome=\u00bbfa fa-line-chart\u00bb size=\u00bbs\u00bb color=\u00bbom-accent-color-3&#8243; link=\u00bburl:https%3A%2F%2Fkitchenbathchina.co%2Fabout-the-trade-show%2F%23statistic|title:Exhibition%20Statistics|target:%20_blank|\u00bb title=\u00bbEstad\u00edsticas de la exposici\u00f3n\u00bb][\/om_click_icon_box][om_click_icon_box icon_fontawesome=\u00bbfa fa-map\u00bb size=\u00bbs\u00bb color=\u00bbom-accent-color-3&#8243; link=\u00bburl:https%3A%2F%2Fkitchenbathchina.co%2Ffor-exhibitors%2F%23Plan||target:%20_blank|\u00bb title=\u00bbPlan de exposiciones\u00bb][\/om_click_icon_box][om_click_icon_box icon_fontawesome=\u00bbfa fa-list\u00bb size=\u00bbs\u00bb color=\u00bbom-accent-color-3&#8243; link=\u00bburl:https%3A%2F%2Fkitchenbathchina.co%2F2019%2F03%2F28%2Flist-of-exhibitors|title:Exhibitor%20List|target:%20_blank|\u00bb title=\u00bbLista de expositores\u00bb][\/om_click_icon_box][om_click_icon_box icon_fontawesome=\u00bbfa fa-ticket\u00bb size=\u00bbs\u00bb color=\u00bbom-accent-color-3&#8243; link=\u00bburl:https%3A%2F%2Fkitchenbathchina.co%2Fregistration%2F||target:%20_blank|\u00bb title=\u00bbE-ticket gratis\u00bb][\/om_click_icon_box][\/vc_column][\/vc_row]<\/p>\n<p>[vc_row][vc_column][vc_column_text]<\/p>\n<p>[\/vc_column_text][\/vc_column][\/vc_row]<\/p>\n<p>[vc_row][vc_column][vc_empty_space][\/vc_column][\/vc_row][vc_row bg_type=\u00bbgradient\u00bb gradient_type=\u00bbdiagonal1&#8243; bg_color=\u00bb#ffffff\u00bb bg_color2=\u00bb#188fbb\u00bb][vc_column css=\u00bb.vc_custom_1511950134703{margin-top: -30px !important;}\u00bb][vc_row_inner][vc_column_inner width=\u00bb1\/2&#8243;][vc_empty_space][vc_custom_heading text=\u00bbFORMULARIO DE (color1)REGISTRO(\/color1) DEL VISITANTE\u00bb uppercase=\u00bbyes\u00bb text_additional=\u00bb\u00a1Gracias por su inter\u00e9s en KBC 2024!\u00bb font_container=\u00bbtag:h2|text_align:left|color:%23000000&#8243; el_class=\u00bbthankyou\u00bb][\/vc_column_inner][vc_column_inner width=\u00bb1\/2&#8243;][vc_empty_space height=\u00bb3em\u00bb][vc_column_text]<\/p>\n<h4><span style=\"color: #6b6b6b;\">To visit KBC 2024 for <strong>FREE<\/strong> you must register online in advance of the show. Please complete the details below.<\/span><\/h4>\n<p>[\/vc_column_text][\/vc_column_inner][\/vc_row_inner][\/vc_column][\/vc_row]<\/p>\n<p>[vc_row][vc_column][vc_column_text]<\/p>\n<p>[\/vc_column_text][\/vc_column][\/vc_row]<\/p>\n<p>[vc_row][vc_column][vc_empty_space height=\u00bb16px\u00bb]<div role=\"form\" class=\"wpcf7\" id=\"wpcf7-f1148-o6\" lang=\"pl-PL\" dir=\"ltr\">\n<div class=\"screen-reader-response\"><p role=\"status\" aria-live=\"polite\" aria-atomic=\"true\"><\/p> <ul><\/ul><\/div>\n<form action=\"\/es\/wp-json\/wp\/v2\/pages\/791#wpcf7-f1148-o6\" method=\"post\" class=\"wpcf7-form init\" novalidate=\"novalidate\" data-status=\"init\">\n<div style=\"display: none;\">\n<input type=\"hidden\" name=\"_wpcf7\" value=\"1148\" \/>\n<input type=\"hidden\" name=\"_wpcf7_version\" value=\"5.6.3\" \/>\n<input type=\"hidden\" name=\"_wpcf7_locale\" value=\"pl_PL\" \/>\n<input type=\"hidden\" name=\"_wpcf7_unit_tag\" value=\"wpcf7-f1148-o6\" \/>\n<input type=\"hidden\" name=\"_wpcf7_container_post\" value=\"0\" \/>\n<input type=\"hidden\" name=\"_wpcf7_posted_data_hash\" value=\"\" \/>\n<input type=\"hidden\" name=\"_wpcf7_recaptcha_response\" value=\"\" \/>\n<\/div>\n<div class=\"om-columns\">\n<div class=\"om-column om-one-half\">\n<div class=\"om-columns\">\n<div class=\"om-column om-one-third\">\n<p>Title*&nbsp;&nbsp;&nbsp;<span class=\"wpcf7-form-control-wrap\" data-name=\"mc4wp-TITLE\"><select name=\"mc4wp-TITLE\" class=\"wpcf7-form-control wpcf7-select wpcf7-validates-as-required\" aria-required=\"true\" aria-invalid=\"false\"><option value=\"\"><\/option><option value=\"Mr\">Mr<\/option><option value=\"Mrs\">Mrs<\/option><option value=\"Ms\">Ms<\/option><\/select><\/span><\/p>\n<\/div>\n<div class=\"om-column om-one-third\">\n<p><span class=\"wpcf7-form-control-wrap\" data-name=\"your-name\"><input type=\"text\" name=\"your-name\" value=\"\" size=\"40\" class=\"wpcf7-form-control wpcf7-text wpcf7-validates-as-required\" aria-required=\"true\" aria-invalid=\"false\" placeholder=\"First Name *\" \/><\/span><\/p>\n<\/div>\n<div class=\"om-column om-one-third\">\n<p><span class=\"wpcf7-form-control-wrap\" data-name=\"your-name2\"><input type=\"text\" name=\"your-name2\" value=\"\" size=\"40\" class=\"wpcf7-form-control wpcf7-text wpcf7-validates-as-required\" aria-required=\"true\" aria-invalid=\"false\" placeholder=\"Last Name *\" \/><\/span><\/p>\n<\/div>\n<\/div>\n<p><span class=\"wpcf7-form-control-wrap\" data-name=\"mc4wp-JOBTITLE\"><input type=\"text\" name=\"mc4wp-JOBTITLE\" value=\"\" size=\"40\" class=\"wpcf7-form-control wpcf7-text wpcf7-validates-as-required\" aria-required=\"true\" aria-invalid=\"false\" placeholder=\"Job Title *\" \/><\/span><\/p>\n<div class=\"om-columns\">\n<div class=\"om-column om-one-half\">\n<p><span class=\"wpcf7-form-control-wrap\" data-name=\"mc4wp-COMPANY\"><input type=\"text\" name=\"mc4wp-COMPANY\" value=\"\" size=\"40\" class=\"wpcf7-form-control wpcf7-text wpcf7-validates-as-required\" aria-required=\"true\" aria-invalid=\"false\" placeholder=\"Company Name *\" \/><\/span><\/p>\n<\/div>\n<div class=\"om-column om-one-half\">\n<p><span class=\"wpcf7-form-control-wrap\" data-name=\"mc4wp-WWW\"><input type=\"text\" name=\"mc4wp-WWW\" value=\"\" size=\"40\" class=\"wpcf7-form-control wpcf7-text\" aria-invalid=\"false\" placeholder=\"Website\" \/><\/span><\/p>\n<\/div>\n<\/div>\n<p class=\"note\">Information above will appear on entry badge<\/p>\n<div class=\"om-columns\">\n<div class=\"om-column om-one-half\">\n<p><span class=\"wpcf7-form-control-wrap\" data-name=\"mc4wp-EMAIL\"><input type=\"email\" name=\"mc4wp-EMAIL\" value=\"\" size=\"40\" class=\"wpcf7-form-control wpcf7-text wpcf7-email wpcf7-validates-as-required wpcf7-validates-as-email\" aria-required=\"true\" aria-invalid=\"false\" placeholder=\"Email Address *\" \/><\/span><\/p>\n<\/div>\n<div class=\"om-column om-one-half\">\n<p><span class=\"wpcf7-form-control-wrap\" data-name=\"mc4wp-PHONE\"><input type=\"text\" name=\"mc4wp-PHONE\" value=\"\" size=\"40\" class=\"wpcf7-form-control wpcf7-text wpcf7-validates-as-required\" aria-required=\"true\" aria-invalid=\"false\" placeholder=\"Phone Number *\" \/><\/span><\/p>\n<\/div>\n<\/div>\n<p><strong>Please indicate the main field of business of your company<\/strong><\/p>\n<p><span class=\"wpcf7-form-control-wrap\" data-name=\"mc4wp-BUSINESS\"><span class=\"wpcf7-form-control wpcf7-radio\"><span class=\"wpcf7-list-item first\"><input type=\"radio\" name=\"mc4wp-BUSINESS\" value=\"Wholesale\" \/><span class=\"wpcf7-list-item-label\">Wholesale<\/span><\/span><span class=\"wpcf7-list-item\"><input type=\"radio\" name=\"mc4wp-BUSINESS\" value=\"Retail\" \/><span class=\"wpcf7-list-item-label\">Retail<\/span><\/span><span class=\"wpcf7-list-item\"><input type=\"radio\" name=\"mc4wp-BUSINESS\" value=\"Kitchen, bathroom design\" \/><span class=\"wpcf7-list-item-label\">Kitchen, bathroom design<\/span><\/span><span class=\"wpcf7-list-item\"><input type=\"radio\" name=\"mc4wp-BUSINESS\" value=\"Engineering systems design and installation\" \/><span class=\"wpcf7-list-item-label\">Engineering systems design and installation<\/span><\/span><span class=\"wpcf7-list-item\"><input type=\"radio\" name=\"mc4wp-BUSINESS\" value=\"Building and construction\" \/><span class=\"wpcf7-list-item-label\">Building and construction<\/span><\/span><span class=\"wpcf7-list-item\"><input type=\"radio\" name=\"mc4wp-BUSINESS\" value=\"Engineering systems design\" \/><span class=\"wpcf7-list-item-label\">Engineering systems design<\/span><\/span><span class=\"wpcf7-list-item\"><input type=\"radio\" name=\"mc4wp-BUSINESS\" value=\"Production of equipment\" \/><span class=\"wpcf7-list-item-label\">Production of equipment<\/span><\/span><span class=\"wpcf7-list-item\"><input type=\"radio\" name=\"mc4wp-BUSINESS\" value=\"Media\" \/><span class=\"wpcf7-list-item-label\">Media<\/span><\/span><span class=\"wpcf7-list-item last\"><input type=\"radio\" name=\"mc4wp-BUSINESS\" value=\"Other\" \/><span class=\"wpcf7-list-item-label\">Other<\/span><\/span><\/span><\/span><\/p>\n<p><strong>Did you visit the previous KBC exhibition?<\/strong><\/p>\n<p><span class=\"wpcf7-form-control-wrap\" data-name=\"mc4wp-VISIT\"><span class=\"wpcf7-form-control wpcf7-radio\"><span class=\"wpcf7-list-item first\"><input type=\"radio\" name=\"mc4wp-VISIT\" value=\"Yes\" \/><span class=\"wpcf7-list-item-label\">Yes<\/span><\/span><span class=\"wpcf7-list-item last\"><input type=\"radio\" name=\"mc4wp-VISIT\" value=\"No\" \/><span class=\"wpcf7-list-item-label\">No<\/span><\/span><\/span><\/span><\/p>\n<p><strong>How do you know about KBC Expo? [Multiple Choice]<\/strong><\/p>\n<p><span class=\"wpcf7-form-control-wrap\" data-name=\"mc4wp-KNOW\"><span class=\"wpcf7-form-control wpcf7-checkbox wpcf7-validates-as-required\"><span class=\"wpcf7-list-item first\"><input type=\"checkbox\" name=\"mc4wp-KNOW[]\" value=\"Facebook\" \/><span class=\"wpcf7-list-item-label\">Facebook<\/span><\/span><span class=\"wpcf7-list-item\"><input type=\"checkbox\" name=\"mc4wp-KNOW[]\" value=\"LinkedIn\" \/><span class=\"wpcf7-list-item-label\">LinkedIn<\/span><\/span><span class=\"wpcf7-list-item\"><input type=\"checkbox\" name=\"mc4wp-KNOW[]\" value=\"Twitter\" \/><span class=\"wpcf7-list-item-label\">Twitter<\/span><\/span><span class=\"wpcf7-list-item\"><input type=\"checkbox\" name=\"mc4wp-KNOW[]\" value=\"Instagram\" \/><span class=\"wpcf7-list-item-label\">Instagram<\/span><\/span><span class=\"wpcf7-list-item\"><input type=\"checkbox\" name=\"mc4wp-KNOW[]\" value=\"YouTube\" \/><span class=\"wpcf7-list-item-label\">YouTube<\/span><\/span><span class=\"wpcf7-list-item\"><input type=\"checkbox\" name=\"mc4wp-KNOW[]\" value=\"10 Times\" \/><span class=\"wpcf7-list-item-label\">10 Times<\/span><\/span><span class=\"wpcf7-list-item\"><input type=\"checkbox\" name=\"mc4wp-KNOW[]\" value=\"Eventbrite\" \/><span class=\"wpcf7-list-item-label\">Eventbrite<\/span><\/span><span class=\"wpcf7-list-item\"><input type=\"checkbox\" name=\"mc4wp-KNOW[]\" value=\"Google\" \/><span class=\"wpcf7-list-item-label\">Google<\/span><\/span><span class=\"wpcf7-list-item\"><input type=\"checkbox\" name=\"mc4wp-KNOW[]\" value=\"Email\" \/><span class=\"wpcf7-list-item-label\">Email<\/span><\/span><span class=\"wpcf7-list-item\"><input type=\"checkbox\" name=\"mc4wp-KNOW[]\" value=\"Other exhibitions\" \/><span class=\"wpcf7-list-item-label\">Other exhibitions<\/span><\/span><span class=\"wpcf7-list-item\"><input type=\"checkbox\" name=\"mc4wp-KNOW[]\" value=\"Friend\/colleague\" \/><span class=\"wpcf7-list-item-label\">Friend\/colleague<\/span><\/span><span class=\"wpcf7-list-item last\"><input type=\"checkbox\" name=\"mc4wp-KNOW[]\" value=\"Others\" \/><span class=\"wpcf7-list-item-label\">Others<\/span><\/span><\/span><\/span>\n  <\/p><\/div>\n<div class=\"om-column om-one-half\">\n<p><span class=\"wpcf7-form-control-wrap\" data-name=\"mc4wp-ADDRESS\"><input type=\"text\" name=\"mc4wp-ADDRESS\" value=\"\" size=\"40\" class=\"wpcf7-form-control wpcf7-text wpcf7-validates-as-required\" aria-required=\"true\" aria-invalid=\"false\" placeholder=\"Address *\" \/><\/span><\/p>\n<div class=\"om-columns\">\n<div class=\"om-column om-one-half\">\n<p><span class=\"wpcf7-form-control-wrap\" data-name=\"mc4wp-CITY\"><input type=\"text\" name=\"mc4wp-CITY\" value=\"\" size=\"40\" class=\"wpcf7-form-control wpcf7-text wpcf7-validates-as-required\" aria-required=\"true\" aria-invalid=\"false\" placeholder=\"City *\" \/><\/span><\/p>\n<\/div>\n<div class=\"om-column om-one-half\">\n<p><span class=\"wpcf7-form-control-wrap\" data-name=\"mc4wp-POSTAL\"><input type=\"text\" name=\"mc4wp-POSTAL\" value=\"\" size=\"40\" class=\"wpcf7-form-control wpcf7-text\" aria-invalid=\"false\" placeholder=\"Postal Code\" \/><\/span><\/p>\n<\/div>\n<\/div>\n<p><span class=\"wpcf7-form-control-wrap\" data-name=\"mc4wp-COUNTRY\"><input type=\"text\" name=\"mc4wp-COUNTRY\" value=\"\" size=\"40\" class=\"wpcf7-form-control wpcf7-text wpcf7-validates-as-required\" aria-required=\"true\" aria-invalid=\"false\" placeholder=\"Country *\" \/><\/span><\/p>\n<p><span class=\"wpcf7-form-control-wrap\" data-name=\"mc4wp-COMMMENTS\"><textarea name=\"mc4wp-COMMMENTS\" cols=\"40\" rows=\"3\" class=\"wpcf7-form-control wpcf7-textarea\" aria-invalid=\"false\" placeholder=\"Comments\"><\/textarea><\/span><\/p>\n<p><strong>What are you interested in at the exhibition?<\/strong><\/p>\n<p><span class=\"wpcf7-form-control-wrap\" data-name=\"mc4wp-INTERESTED\"><span class=\"wpcf7-form-control wpcf7-checkbox wpcf7-validates-as-required\"><span class=\"wpcf7-list-item first\"><input type=\"checkbox\" name=\"mc4wp-INTERESTED[]\" value=\"Furniture and Furnishing Systems for Kitchen &amp; Bath\" \/><span class=\"wpcf7-list-item-label\">Furniture and Furnishing Systems for Kitchen &amp; Bath<\/span><\/span><span class=\"wpcf7-list-item\"><input type=\"checkbox\" name=\"mc4wp-INTERESTED[]\" value=\"Kitchen Facilities\" \/><span class=\"wpcf7-list-item-label\">Kitchen Facilities<\/span><\/span><span class=\"wpcf7-list-item\"><input type=\"checkbox\" name=\"mc4wp-INTERESTED[]\" value=\"Household Appliance\" \/><span class=\"wpcf7-list-item-label\">Household Appliance<\/span><\/span><span class=\"wpcf7-list-item\"><input type=\"checkbox\" name=\"mc4wp-INTERESTED[]\" value=\"Laundry Appliance\" \/><span class=\"wpcf7-list-item-label\">Laundry Appliance<\/span><\/span><span class=\"wpcf7-list-item\"><input type=\"checkbox\" name=\"mc4wp-INTERESTED[]\" value=\"Pools \/ Saunas \/ Spas\" \/><span class=\"wpcf7-list-item-label\">Pools \/ Saunas \/ Spas<\/span><\/span><span class=\"wpcf7-list-item\"><input type=\"checkbox\" name=\"mc4wp-INTERESTED[]\" value=\"Engineering and Plumbing Systems\" \/><span class=\"wpcf7-list-item-label\">Engineering and Plumbing Systems<\/span><\/span><span class=\"wpcf7-list-item\"><input type=\"checkbox\" name=\"mc4wp-INTERESTED[]\" value=\"Water Supply Equipment and Materials\" \/><span class=\"wpcf7-list-item-label\">Water Supply Equipment and Materials<\/span><\/span><span class=\"wpcf7-list-item\"><input type=\"checkbox\" name=\"mc4wp-INTERESTED[]\" value=\"Heating Equipment and Materials\" \/><span class=\"wpcf7-list-item-label\">Heating Equipment and Materials<\/span><\/span><span class=\"wpcf7-list-item\"><input type=\"checkbox\" name=\"mc4wp-INTERESTED[]\" value=\"Ventilation, Air-Conditioning Systems\" \/><span class=\"wpcf7-list-item-label\">Ventilation, Air-Conditioning Systems<\/span><\/span><span class=\"wpcf7-list-item\"><input type=\"checkbox\" name=\"mc4wp-INTERESTED[]\" value=\"Pipes. Fittings. Valves\" \/><span class=\"wpcf7-list-item-label\">Pipes. Fittings. Valves<\/span><\/span><span class=\"wpcf7-list-item\"><input type=\"checkbox\" name=\"mc4wp-INTERESTED[]\" value=\"Test and Measuring Equipment and Automation Systems\" \/><span class=\"wpcf7-list-item-label\">Test and Measuring Equipment and Automation Systems<\/span><\/span><span class=\"wpcf7-list-item\"><input type=\"checkbox\" name=\"mc4wp-INTERESTED[]\" value=\"Design\" \/><span class=\"wpcf7-list-item-label\">Design<\/span><\/span><span class=\"wpcf7-list-item last\"><input type=\"checkbox\" name=\"mc4wp-INTERESTED[]\" value=\"Other\" \/><span class=\"wpcf7-list-item-label\">Other<\/span><\/span><\/span><\/span><\/p>\n<div class=\"om-columns\">\n<div class=\"om-column om-one-half\">\n<p><span class=\"wpcf7-form-control-wrap\" data-name=\"mc4wp-LINKEDIN\"><input type=\"text\" name=\"mc4wp-LINKEDIN\" value=\"\" size=\"40\" class=\"wpcf7-form-control wpcf7-text\" aria-invalid=\"false\" placeholder=\"LinkedIn Profile\" \/><\/span><\/p>\n<\/div>\n<div class=\"om-column om-one-half\">\n<p><span class=\"wpcf7-form-control-wrap\" data-name=\"mc4wp-TWITTER\"><input type=\"text\" name=\"mc4wp-TWITTER\" value=\"\" size=\"40\" class=\"wpcf7-form-control wpcf7-text\" aria-invalid=\"false\" placeholder=\"Twitter Handle @\" \/><\/span><\/p>\n<\/div>\n<\/div>\n<div class=\"om-columns\">\n<div class=\"om-column om-one-half\">\n<p><span class=\"wpcf7-form-control-wrap\" data-name=\"mc4wp-FACEBOOK\"><input type=\"text\" name=\"mc4wp-FACEBOOK\" value=\"\" size=\"40\" class=\"wpcf7-form-control wpcf7-text\" aria-invalid=\"false\" placeholder=\"Facebook Profile\" \/><\/span><\/p>\n<\/div>\n<div class=\"om-column om-one-half\">\n<p><span class=\"wpcf7-form-control-wrap\" data-name=\"mc4wp-INSTAGRAM\"><input type=\"text\" name=\"mc4wp-INSTAGRAM\" value=\"\" size=\"40\" class=\"wpcf7-form-control wpcf7-text\" aria-invalid=\"false\" placeholder=\"Instagram Profile\" \/><\/span><\/p>\n<\/div>\n\n<\/div>\n<\/div>\n<\/div>\n<p><input type=\"submit\" value=\"SUBMIT\" class=\"wpcf7-form-control has-spinner wpcf7-submit\" \/><\/p>\n<p><input type=\"hidden\" name=\"mc4wp-subscribe\" value=\"1\" \/><\/p>\n<div class=\"wpcf7-response-output\" aria-hidden=\"true\"><\/div><\/form><\/div>[\/vc_column][\/vc_row]<\/p>\n<p>[vc_row][vc_column][vc_column_text]<\/p>\n<p>[\/vc_column_text][\/vc_column][\/vc_row]<\/p>\n<p>[vc_row bg_type=\u00bbimage\u00bb bg_image_pos=\u00bb100w_bottom\u00bb bg_image_dimming=\u00bbrgba(196,196,196,0.01)\u00bb bg_image=\u00bb2328&#8243;][vc_column width=\u00bb1\/3&#8243;][\/vc_column][vc_column width=\u00bb1\/3&#8243;][\/vc_column][vc_column width=\u00bb1\/3&#8243;][vc_empty_space height=\u00bb155px\u00bb][vc_btn title=\u00bbFOLLOW US\u00bb size=\u00bblg\u00bb align=\u00bbright\u00bb i_align=\u00bbright\u00bb i_icon_fontawesome=\u00bbfa fa-angle-right\u00bb link=\u00bburl:https%3A%2F%2Fwww.facebook.com%2Fkitchenbathchina%2F|title:Follow%20us|target:%20_blank|\u00bb add_icon=\u00bbtrue\u00bb][vc_empty_space height=\u00bb150px\u00bb][\/vc_column][\/vc_row]<\/p>\n<p>[vc_row][vc_column][vc_column_text]<\/p>\n<p>[\/vc_column_text][\/vc_column][\/vc_row]<\/p>\n<p>[vc_row][vc_column][vc_column_text]<a class=\"addeventatc\" title=\"Add to Calendar\" href=\"https:\/\/www.addevent.com\/event\/dv3930420\" target=\"_blank\" rel=\"noopener noreferrer\" data-id=\"dv3930420\">Add to Calendar<\/a><br \/>\n<script type=\"text\/javascript\" src=\"https:\/\/addevent.com\/libs\/atc\/1.6.1\/atc.min.js\" async defer><\/script><\/p>\n<p style=\"text-align: right;\">30.279 views<\/p>\n<p>[\/vc_column_text][\/vc_column][\/vc_row]<\/p>","protected":false},"excerpt":{"rendered":"<p>[vc_row][vc_column width=\u00bb3\/4&#8243;][vc_custom_heading text=\u00bb(color2)Kitchen &amp; Bath China(\/color2) es la feria internacional m\u00e1s grande e importante de cocina, ba\u00f1o, sanitarios, calefacci\u00f3n, aire acondicionado y tecnolog\u00eda (color2)en Asia(\/color2).&hellip;<\/p>\n<p><a href=\"https:\/\/kitchenbathchina.co\/es\/for-visitors\/\" class=\"read-more-link\"><span class=\"read-more-icon\"><\/span>Read more<\/a><\/p>\n","protected":false},"author":1,"featured_media":2324,"parent":0,"menu_order":2,"comment_status":"closed","ping_status":"closed","template":"","meta":{"_exactmetrics_skip_tracking":false,"_exactmetrics_sitenote_active":false,"_exactmetrics_sitenote_note":"","_exactmetrics_sitenote_category":0},"yst_prominent_words":[311,245,239,242,446,209,240],"_links":{"self":[{"href":"https:\/\/kitchenbathchina.co\/es\/wp-json\/wp\/v2\/pages\/791"}],"collection":[{"href":"https:\/\/kitchenbathchina.co\/es\/wp-json\/wp\/v2\/pages"}],"about":[{"href":"https:\/\/kitchenbathchina.co\/es\/wp-json\/wp\/v2\/types\/page"}],"author":[{"embeddable":true,"href":"https:\/\/kitchenbathchina.co\/es\/wp-json\/wp\/v2\/users\/1"}],"replies":[{"embeddable":true,"href":"https:\/\/kitchenbathchina.co\/es\/wp-json\/wp\/v2\/comments?post=791"}],"version-history":[{"count":145,"href":"https:\/\/kitchenbathchina.co\/es\/wp-json\/wp\/v2\/pages\/791\/revisions"}],"predecessor-version":[{"id":25101,"href":"https:\/\/kitchenbathchina.co\/es\/wp-json\/wp\/v2\/pages\/791\/revisions\/25101"}],"wp:featuredmedia":[{"embeddable":true,"href":"https:\/\/kitchenbathchina.co\/es\/wp-json\/wp\/v2\/media\/2324"}],"wp:attachment":[{"href":"https:\/\/kitchenbathchina.co\/es\/wp-json\/wp\/v2\/media?parent=791"}],"wp:term":[{"taxonomy":"yst_prominent_words","embeddable":true,"href":"https:\/\/kitchenbathchina.co\/es\/wp-json\/wp\/v2\/yst_prominent_words?post=791"}],"curies":[{"name":"wp","href":"https:\/\/api.w.org\/{rel}","templated":true}]}}